{"id":94,"date":"2017-08-08T21:36:37","date_gmt":"2017-08-08T19:36:37","guid":{"rendered":"http:\/\/www.skolabezhranic.cz\/turany\/?page_id=94"},"modified":"2024-08-29T23:10:21","modified_gmt":"2024-08-29T21:10:21","slug":"kontakty","status":"publish","type":"page","link":"https:\/\/www.skolabezhranic.cz\/turany\/kontakty\/","title":{"rendered":"Kontakty"},"content":{"rendered":"<div>\n<div><strong>Z\u00e1kladn\u00ed \u0161kola a Mate\u0159sk\u00e1 \u0161kola Bez hranic<\/strong><\/div>\n<div>Malcova 171<\/div>\n<div>270 64 M\u0161ec<\/div>\n<div>I\u010cO: 02413612<\/div>\n<div>Red IZO: 691006091<\/div>\n<div>ID datov\u00e9 schr\u00e1nky:\u00a0<strong>vj4ebdu<\/strong><\/div>\n<div><\/div>\n<div>bankovn\u00ed \u00fa\u010dty \u0161koly:<\/div>\n<div><\/div>\n<div><strong>352\u00a0995\u00a01379\/0800\u00a0<\/strong>(provozn\u00ed \u00fa\u010det)<\/div>\n<div><strong>30015 \u2013 352\u00a0995\u00a01379\/0800\u00a0<\/strong>(\u00fa\u010det pouze pro platby stravn\u00e9ho)<\/div>\n<div><\/div>\n<div><\/div>\n<div>\n<table border=\"0\" frame=\"box\" align=\"center\">\n<tbody>\n<tr>\n<td><strong>\u0160ir\u0161\u00ed veden\u00ed \u0161koly<\/strong><\/td>\n<\/tr>\n<\/tbody>\n<\/table>\n<\/div>\n<div><\/div>\n<table border=\"0\" rules=\"rows\" align=\"center\">\n<tbody>\n<tr>\n<td><\/td>\n<\/tr>\n<\/tbody>\n<\/table>\n<table style=\"height: 468px; width: 100%;\" border=\"0\" width=\"631\" rules=\"rows\" align=\"center\">\n<tbody>\n<tr>\n<td style=\"width: 30.9896%;\"><strong>\u0159editel \u0161koly:<br \/>\n<\/strong><em>Malcova 171, 270 64 M\u0161ec<\/em><\/td>\n<td style=\"width: 11.3282%;\">Mgr. Milan Dvo\u0159\u00e1k<\/td>\n<td style=\"width: 23.5677%;\">\u00a0<a href=\"mailto:dvorak@skolabezhranic.cz\">dvorak@skolabezhranic.cz<\/a><\/td>\n<td style=\"width: 34.1146%;\">\u00a0736 472 811<\/td>\n<\/tr>\n<tr>\n<td style=\"width: 30.9896%;\"><strong>z\u00e1stupkyn\u011b \u0158\u0160:<br \/>\n<\/strong><em>Malcova 171,\u00a0<\/em><em style=\"font-family: inherit; font-size: inherit;\">270 64 M\u0161ec<\/em><\/td>\n<td style=\"width: 11.3282%;\">Mgr. Pavl\u00edna Skleni\u010dkov\u00e1<\/td>\n<td style=\"width: 23.5677%;\"><a href=\"mailto:sklenickova@skolabezhranic.cz\">\u00a0sklenickova@skolabezhranic.cz<\/a><\/td>\n<td style=\"width: 34.1146%;\">\u00a0730 157 876<\/td>\n<\/tr>\n<tr>\n<td style=\"width: 30.9896%;\"><strong style=\"font-family: inherit; font-size: inherit;\">z\u00e1stupkyn\u011b \u0159editele<br \/>\n<\/strong><strong style=\"font-family: inherit; font-size: inherit;\">Z\u0160 Tu\u0159any<\/strong><\/p>\n<p><strong style=\"font-family: inherit; font-size: inherit;\"><br \/>\n<\/strong><strong>vedouc\u00ed\u00a0 vychovatelka<br \/>\n<\/strong><strong>Z\u0160 Tu\u0159any<\/strong><em><strong>\u00a0<\/strong><\/em><\/p>\n<p>Tu\u0159any 32,\u00a0<em style=\"font-family: inherit; font-size: inherit;\">273 79<\/em><\/td>\n<td style=\"width: 11.3282%;\">Mgr. Tereza Sachlov\u00e1<\/p>\n<p>Stanislava Trappov\u00e1<\/td>\n<td style=\"width: 23.5677%;\"><a href=\"mailto:sachlova@skolabezhranic.cz\">\u00a0sachlova@skolabezhranic.cz<\/a><\/p>\n<p><a href=\"mailto:trappova@skolabezhranic.cz\">trappova@skolabezhranic.cz<\/a><\/td>\n<td style=\"width: 34.1146%;\">733 152 800<\/p>\n<p>605 171 052<\/td>\n<\/tr>\n<tr>\n<td style=\"width: 30.9896%;\"><strong>vedouc\u00ed M\u0160 Bez hranic<br \/>\na\u00a0<\/strong><strong style=\"font-family: inherit; font-size: inherit;\">vedouc\u00ed M\u0160 Tu\u0159any<br \/>\n<\/strong><em>Tu\u0159any 178,\u00a0<\/em><em style=\"font-family: inherit; font-size: inherit;\">273 79\u00a0<\/em><\/td>\n<td style=\"width: 11.3282%;\">Bc. Jitka Svobodov\u00e1<\/td>\n<td style=\"width: 23.5677%;\"><a href=\"mailto:svobodova@skolabezhranic.cz\">svobodova@skolabezhranic.cz<\/a><\/td>\n<td style=\"width: 34.1146%;\">607 948 419<\/td>\n<\/tr>\n<tr>\n<td style=\"width: 30.9896%;\"><\/td>\n<\/tr>\n<tr>\n<td style=\"width: 30.9896%;\"><\/td>\n<\/tr>\n<\/tbody>\n<\/table>\n<div>\n<table border=\"0\" frame=\"box\" align=\"center\">\n<tbody>\n<tr>\n<td><strong>\u00a0 \u00a0 \u00a0 \u00a0Ekonomick\u00fd \u00fasek<\/strong><em>Malcova 171, 270 64 M\u0161ec<\/em><\/td>\n<\/tr>\n<\/tbody>\n<\/table>\n<\/div>\n<div><\/div>\n<div>\n<table style=\"width: 100%; height: 40px;\" border=\"0\" rules=\"rows\" align=\"center\">\n<tbody>\n<tr style=\"height: 20px;\">\n<td style=\"height: 20px;\"><strong>hlavn\u00ed \u00fa\u010detn\u00ed<\/strong><\/td>\n<td style=\"height: 20px;\">Veronika Hotov\u00e1, DiS.<\/td>\n<td style=\"height: 20px;\"><a href=\"mailto:hotova@skolabezhranic.cz\">hotova@skolabezhranic.cz<\/a><\/td>\n<td style=\"height: 20px;\">734756956<\/td>\n<\/tr>\n<tr style=\"height: 20px;\">\n<td style=\"height: 20px;\"><strong>vedouc\u00ed \u0161koln\u00edch j\u00eddelen<\/strong><\/td>\n<td style=\"height: 20px;\">Hana Armstarkov\u00e1<\/td>\n<td style=\"height: 20px;\"><a href=\"mailto:armstarkova@skolabezhranic.cz\">armstarkova@skolabezhranic.cz<\/a><\/td>\n<td style=\"height: 20px;\">734\u00a0756 961<\/td>\n<\/tr>\n<\/tbody>\n<\/table>\n<\/div>\n<div><\/div>\n<\/div>\n","protected":false},"excerpt":{"rendered":"<p>Z\u00e1kladn\u00ed \u0161kola a Mate\u0159sk\u00e1 \u0161kola Bez hranic Malcova 171 270 64 M\u0161ec I\u010cO: 02413612 Red IZO: 691006091 ID datov\u00e9 schr\u00e1nky:\u00a0vj4ebdu bankovn\u00ed \u00fa\u010dty \u0161koly: 352\u00a0995\u00a01379\/0800\u00a0(provozn\u00ed \u00fa\u010det) 30015 \u2013 352\u00a0995\u00a01379\/0800\u00a0(\u00fa\u010det pouze pro platby stravn\u00e9ho) \u0160ir\u0161\u00ed veden\u00ed \u0161koly \u0159editel \u0161koly: Malcova 171, 270 64 M\u0161ec Mgr. Milan Dvo\u0159\u00e1k \u00a0dvorak@skolabezhranic.cz \u00a0736 472 811 z\u00e1stupkyn\u011b&#46;&#46;&#46;<\/p>\n","protected":false},"author":2,"featured_media":0,"parent":0,"menu_order":0,"comment_status":"closed","ping_status":"closed","template":"","meta":{"footnotes":""},"class_list":["post-94","page","type-page","status-publish","hentry"],"_links":{"self":[{"href":"https:\/\/www.skolabezhranic.cz\/turany\/wp-json\/wp\/v2\/pages\/94","targetHints":{"allow":["GET"]}}],"collection":[{"href":"https:\/\/www.skolabezhranic.cz\/turany\/wp-json\/wp\/v2\/pages"}],"about":[{"href":"https:\/\/www.skolabezhranic.cz\/turany\/wp-json\/wp\/v2\/types\/page"}],"author":[{"embeddable":true,"href":"https:\/\/www.skolabezhranic.cz\/turany\/wp-json\/wp\/v2\/users\/2"}],"replies":[{"embeddable":true,"href":"https:\/\/www.skolabezhranic.cz\/turany\/wp-json\/wp\/v2\/comments?post=94"}],"version-history":[{"count":28,"href":"https:\/\/www.skolabezhranic.cz\/turany\/wp-json\/wp\/v2\/pages\/94\/revisions"}],"predecessor-version":[{"id":11148,"href":"https:\/\/www.skolabezhranic.cz\/turany\/wp-json\/wp\/v2\/pages\/94\/revisions\/11148"}],"wp:attachment":[{"href":"https:\/\/www.skolabezhranic.cz\/turany\/wp-json\/wp\/v2\/media?parent=94"}],"curies":[{"name":"wp","href":"https:\/\/api.w.org\/{rel}","templated":true}]}}