{"id":65,"date":"2017-08-08T21:26:20","date_gmt":"2017-08-08T19:26:20","guid":{"rendered":"http:\/\/www.skolabezhranic.cz\/turany\/?page_id=65"},"modified":"2026-01-04T12:13:23","modified_gmt":"2026-01-04T11:13:23","slug":"pedagogicky-sbor","status":"publish","type":"page","link":"https:\/\/www.skolabezhranic.cz\/turany\/pedagogicky-sbor\/","title":{"rendered":"Pedagogick\u00fd sbor"},"content":{"rendered":"<div><em>kontaktn\u00ed e-maily: prijmeni@skolabezhranic.cz<\/em><\/div>\n<div><em>\u00a0<\/em><\/div>\n<div><em>mobil sborovna: 733 152 800<\/em><\/div>\n<p><strong>\u0158editel \u0161koly:<br \/>\n<\/strong>Mgr. Milan Dvo\u0159\u00e1k (736 472 811)<\/p>\n<p><strong>Z\u00e1stupkyn\u011b \u0159editele \u0161koly:<br \/>\n<\/strong>Mgr. Pavl\u00edna Skleni\u010dkov\u00e1 (730 157 876)<\/p>\n<p><strong>Z\u00e1stupkyn\u011b \u0159editele Z\u0160 Tu\u0159any:<br \/>\n<\/strong>Mgr. Tereza Sachlov\u00e1 (733 152 800)<\/p>\n<p><strong>Vedouc\u00ed mate\u0159sk\u00fdch \u0161kol a M\u0160 Tu\u0159any:<br \/>\n<\/strong>Bc. Jitka Svobodov\u00e1 (607 948 419)<\/p>\n<p><strong>T\u0159\u00eddn\u00ed u\u010ditel\u00e9:<br \/>\n<\/strong><span style=\"color: #000000;\">P\u0159\u00edpravn\u00e1 t\u0159\u00edda &#8211; Petra Kucha\u0159ov\u00e1<\/span><br \/>\n<span style=\"color: #000000;\">1. t\u0159\u00edda &#8211; Mgr. Tereza Sachlov\u00e1<\/span><br \/>\n<span style=\"color: #000000;\">2. t\u0159\u00edda &#8211; Mgr. Petra Vaculov\u00e1<br \/>\n3. t\u0159\u00edda &#8211; Mgr. Pavla Kol\u00e1\u0159ov\u00e1<br \/>\n4. t\u0159\u00edda &#8211; Veronika Winter<br \/>\n5. t\u0159\u00edda &#8211; Mgr. Pavla Hulcrov\u00e1<\/span><\/p>\n<p><strong>Net\u0159\u00eddn\u00ed u\u010ditel\u00e9: <\/strong>Alena Ha\u0161kov\u00e1, Mgr. Daniel Zm\u00e1tlo<\/p>\n<p><strong>Asistentka pedagoga v Z\u0160 :<br \/>\n<\/strong>Lucie Vystr\u010dilov\u00e1 &#8211; p\u0159\u00edpravn\u00e1 t\u0159\u00edda, Nikola Pale\u010dkov\u00e1 &#8211; 1. ro\u010dn\u00edk,\u00a0 Mgr. Pavl\u00edna Fejtkov\u00e1 &#8211; 2. ro\u010dn\u00edk, Alice Kupcov\u00e1 &#8211; 3. ro\u010dn\u00edk, Stanislava Trappov\u00e1 &#8211; 5. ro\u010dn\u00edk<\/p>\n<p><strong>Vychovatelky:<br \/>\n<\/strong>Stanislava Trappov\u00e1<br \/>\nEli\u0161ka Dvo\u0159\u00e1kov\u00e1<br \/>\nAlena Ha\u0161kov\u00e1<\/p>\n<p><strong>U\u010ditel\u00e9 v M\u0160:<br \/>\n<\/strong><span style=\"color: initial;\">1. t\u0159\u00edda (M\u0160 T &#8211; I. \u010cerven\u00fd dr\u00e1\u010dek) &#8211; Petra Nedv\u011bdov\u00e1, Anna Vykoukov\u00e1<br \/>\n<\/span>2. t\u0159\u00edda <span style=\"color: initial;\">(M\u0160 T &#8211; II. Modr\u00fd dr\u00e1\u010dek) &#8211; Bc. Jitka Svobodov\u00e1, Milu\u0161e Va\u0148kov\u00e1<\/span><\/p>\n<p><strong>\u00a0<\/strong><\/p>\n","protected":false},"excerpt":{"rendered":"<p>kontaktn\u00ed e-maily: prijmeni@skolabezhranic.cz \u00a0 mobil sborovna: 733 152 800 \u0158editel \u0161koly: Mgr. Milan Dvo\u0159\u00e1k (736 472 811) Z\u00e1stupkyn\u011b \u0159editele \u0161koly: Mgr. Pavl\u00edna Skleni\u010dkov\u00e1 (730 157 876) Z\u00e1stupkyn\u011b \u0159editele Z\u0160 Tu\u0159any: Mgr. Tereza Sachlov\u00e1 (733 152 800) Vedouc\u00ed mate\u0159sk\u00fdch \u0161kol a M\u0160 Tu\u0159any: Bc. Jitka Svobodov\u00e1 (607 948 419) T\u0159\u00eddn\u00ed u\u010ditel\u00e9:&#46;&#46;&#46;<\/p>\n","protected":false},"author":2,"featured_media":0,"parent":0,"menu_order":0,"comment_status":"closed","ping_status":"closed","template":"","meta":{"footnotes":""},"class_list":["post-65","page","type-page","status-publish","hentry"],"_links":{"self":[{"href":"https:\/\/www.skolabezhranic.cz\/turany\/wp-json\/wp\/v2\/pages\/65","targetHints":{"allow":["GET"]}}],"collection":[{"href":"https:\/\/www.skolabezhranic.cz\/turany\/wp-json\/wp\/v2\/pages"}],"about":[{"href":"https:\/\/www.skolabezhranic.cz\/turany\/wp-json\/wp\/v2\/types\/page"}],"author":[{"embeddable":true,"href":"https:\/\/www.skolabezhranic.cz\/turany\/wp-json\/wp\/v2\/users\/2"}],"replies":[{"embeddable":true,"href":"https:\/\/www.skolabezhranic.cz\/turany\/wp-json\/wp\/v2\/comments?post=65"}],"version-history":[{"count":39,"href":"https:\/\/www.skolabezhranic.cz\/turany\/wp-json\/wp\/v2\/pages\/65\/revisions"}],"predecessor-version":[{"id":12241,"href":"https:\/\/www.skolabezhranic.cz\/turany\/wp-json\/wp\/v2\/pages\/65\/revisions\/12241"}],"wp:attachment":[{"href":"https:\/\/www.skolabezhranic.cz\/turany\/wp-json\/wp\/v2\/media?parent=65"}],"curies":[{"name":"wp","href":"https:\/\/api.w.org\/{rel}","templated":true}]}}