{"id":55,"date":"2017-08-08T21:25:12","date_gmt":"2017-08-08T19:25:12","guid":{"rendered":"http:\/\/www.skolabezhranic.cz\/turany\/?page_id=55"},"modified":"2020-08-20T10:50:52","modified_gmt":"2020-08-20T08:50:52","slug":"skola-online","status":"publish","type":"page","link":"https:\/\/www.skolabezhranic.cz\/turany\/skola-online\/","title":{"rendered":"\u0160kola online"},"content":{"rendered":"<p><img loading=\"lazy\" decoding=\"async\" class=\"\" src=\"https:\/\/www.skolaonline.cz\/Portals\/www\/Images\/header-logo.png?ver=2016-08-10-174052-233\" alt=\"\u0160kola OnLine\" width=\"491\" height=\"64\" \/><\/p>\n<p>Od \u0161koln\u00edho roku 2014\/2015 jsme zavedli syst\u00e9m\u00a0<a href=\"http:\/\/portal.skolaonline.cz\/\" target=\"_blank\" rel=\"noopener\">\u0160kola Online<\/a>. Jedn\u00e1 se modern\u00ed \u0161koln\u00ed informa\u010dn\u00ed syst\u00e9m, kter\u00fd V\u00e1m umo\u017en\u00ed b\u00fdt neust\u00e1le informov\u00e1ni o d\u011bn\u00ed ve \u0161kole. V p\u0159\u00edpad\u011b pot\u00ed\u017e\u00ed s p\u0159ihl\u00e1\u0161en\u00edm kontaktujte\u00a0vedouc\u00ed u\u010ditelku\u00a0nebo t\u0159\u00eddn\u00edho u\u010ditele.<\/p>\n<p><a href=\"https:\/\/www.skolaonline.cz\/Aktuality.aspx\">VSTUP DO \u0160KOLY ONLINE<\/a><\/p>\n<p>&nbsp;<\/p>\n<p>V odkazu n\u00ed\u017ee najdete videon\u00e1pov\u011bdy pro obsluhu \u0160koly online.<\/p>\n<p><a href=\"https:\/\/www.skolaonline.cz\/O%C5%A0koleOnLine\/Videon%C3%A1pov%C4%9Bdy.aspx\">VIDEON\u00c1POV\u011aDY<\/a><\/p>\n<p>&nbsp;<\/p>\n<p>&nbsp;<\/p>\n<p>&nbsp;<\/p>\n","protected":false},"excerpt":{"rendered":"<p>Od \u0161koln\u00edho roku 2014\/2015 jsme zavedli syst\u00e9m\u00a0\u0160kola Online. Jedn\u00e1 se modern\u00ed \u0161koln\u00ed informa\u010dn\u00ed syst\u00e9m, kter\u00fd V\u00e1m umo\u017en\u00ed b\u00fdt neust\u00e1le informov\u00e1ni o d\u011bn\u00ed ve \u0161kole. V p\u0159\u00edpad\u011b pot\u00ed\u017e\u00ed s p\u0159ihl\u00e1\u0161en\u00edm kontaktujte\u00a0vedouc\u00ed u\u010ditelku\u00a0nebo t\u0159\u00eddn\u00edho u\u010ditele. VSTUP DO \u0160KOLY ONLINE &nbsp; V odkazu n\u00ed\u017ee najdete videon\u00e1pov\u011bdy pro obsluhu \u0160koly online. VIDEON\u00c1POV\u011aDY &nbsp; &nbsp;&#46;&#46;&#46;<\/p>\n","protected":false},"author":2,"featured_media":0,"parent":0,"menu_order":0,"comment_status":"closed","ping_status":"closed","template":"","meta":{"footnotes":""},"class_list":["post-55","page","type-page","status-publish","hentry"],"_links":{"self":[{"href":"https:\/\/www.skolabezhranic.cz\/turany\/wp-json\/wp\/v2\/pages\/55","targetHints":{"allow":["GET"]}}],"collection":[{"href":"https:\/\/www.skolabezhranic.cz\/turany\/wp-json\/wp\/v2\/pages"}],"about":[{"href":"https:\/\/www.skolabezhranic.cz\/turany\/wp-json\/wp\/v2\/types\/page"}],"author":[{"embeddable":true,"href":"https:\/\/www.skolabezhranic.cz\/turany\/wp-json\/wp\/v2\/users\/2"}],"replies":[{"embeddable":true,"href":"https:\/\/www.skolabezhranic.cz\/turany\/wp-json\/wp\/v2\/comments?post=55"}],"version-history":[{"count":3,"href":"https:\/\/www.skolabezhranic.cz\/turany\/wp-json\/wp\/v2\/pages\/55\/revisions"}],"predecessor-version":[{"id":6349,"href":"https:\/\/www.skolabezhranic.cz\/turany\/wp-json\/wp\/v2\/pages\/55\/revisions\/6349"}],"wp:attachment":[{"href":"https:\/\/www.skolabezhranic.cz\/turany\/wp-json\/wp\/v2\/media?parent=55"}],"curies":[{"name":"wp","href":"https:\/\/api.w.org\/{rel}","templated":true}]}}