{"id":289,"date":"2017-08-24T10:45:59","date_gmt":"2017-08-24T08:45:59","guid":{"rendered":"http:\/\/www.skolabezhranic.cz\/turany\/?page_id=289"},"modified":"2022-05-12T18:08:11","modified_gmt":"2022-05-12T16:08:11","slug":"moje-bezpeci","status":"publish","type":"page","link":"https:\/\/www.skolabezhranic.cz\/turany\/moje-bezpeci\/","title":{"rendered":"Moje bezpe\u010d\u00ed"},"content":{"rendered":"<p><strong><span style=\"color: #ff6600;\">Pokud m\u00e1\u0161 probl\u00e9m, za\u010dni ho \u0159e\u0161it. Tady najde\u0161 mo\u017enosti, komu se m\u016f\u017ee\u0161 sv\u011b\u0159it:<\/span><\/strong><\/p>\n<div><strong>1. u\u010diteli, kter\u00e9mu d\u016fv\u011b\u0159uje\u0161<\/strong><\/div>\n<div><strong>2. schranka.duvery@skolabez<img loading=\"lazy\" decoding=\"async\" class=\"size-medium wp-image-819 alignright\" src=\"https:\/\/www.skolabezhranic.cz\/turany\/wp-content\/uploads\/2017\/08\/IMG_7448-225x300.jpg\" alt=\"\" width=\"225\" height=\"300\" srcset=\"https:\/\/www.skolabezhranic.cz\/turany\/wp-content\/uploads\/2017\/08\/IMG_7448-225x300.jpg 225w, https:\/\/www.skolabezhranic.cz\/turany\/wp-content\/uploads\/2017\/08\/IMG_7448-768x1024.jpg 768w\" sizes=\"auto, (max-width: 225px) 100vw, 225px\" \/>hranic.cz\u00a0<\/strong><\/div>\n<div>3. <strong>\u0160koln\u00ed po\u0161t\u011b<\/strong><\/div>\n<div><strong><a href=\"https:\/\/nntb.cz\/s\/ba95i\" target=\"_blank\" rel=\"noopener\" data-saferedirecturl=\"https:\/\/www.google.com\/url?hl=cs&amp;q=https:\/\/nntb.cz\/s\/ba95i&amp;source=gmail&amp;ust=1491464920501000&amp;usg=AFQjCNG8Kp2BrULZ_lNZTzKMMPensHGUVQ\">3. Nenech to b\u00fdt &#8211; syst\u00e9m k odhalov\u00e1n\u00ed \u0161ikany a dal\u0161\u00edch probl\u00e9mu ve \u0161kole<\/a><\/strong><\/div>\n<div><a href=\"https:\/\/www.linkabezpeci.cz\/\"><strong>4. Linka bezpe\u010d\u00ed pro d\u011bti\u00a0<\/strong>(zdarma)<\/a><\/div>\n<div><\/div>\n<div><\/div>\n<div><\/div>\n<div><\/div>\n<div>Na\u0161e \u0161kola je zapojena do syst\u00e9mu <strong><a href=\"https:\/\/nntb.cz\/s\/ba95i\" target=\"_blank\" rel=\"noopener\" data-saferedirecturl=\"https:\/\/www.google.com\/url?hl=cs&amp;q=https:\/\/nntb.cz\/s\/ba95i&amp;source=gmail&amp;ust=1491464920501000&amp;usg=AFQjCNG8Kp2BrULZ_lNZTzKMMPensHGUVQ\">Nenech to b\u00fdt<\/a><\/strong>.\u00a0Jedn\u00e1 se o syst\u00e9m k odhalov\u00e1n\u00ed \u0161ikany p\u0159es tzv. ml\u010d\u00edc\u00ed v\u011bt\u0161inu t\u0159\u00eddy. Syst\u00e9m funguje jednodu\u0161e: student p\u0159es formul\u00e1\u0159\u00a0<strong><a href=\"https:\/\/www.nntb.cz\/\" target=\"_blank\" rel=\"noopener\" data-saferedirecturl=\"https:\/\/www.google.com\/url?hl=cs&amp;q=https:\/\/www.nntb.cz\/&amp;source=gmail&amp;ust=1491464920501000&amp;usg=AFQjCNEou-FmbkOjDmZ7peALLzuEbZSMWA\">na webov\u00fdch str\u00e1nk\u00e1ch<\/a><\/strong> anonymn\u011b pop\u00ed\u0161e \u0161ikanu nebo jin\u00e9 probl\u00e9my, kter\u00e9 se u n\u011bj ve t\u0159\u00edd\u011b d\u011bj\u00ed. Na konkr\u00e9tn\u00edho agresora \u201ene\u017ealuj\u00ed\u201c, pouze oznamuj\u00ed, \u017ee se ve t\u0159\u00edd\u011b n\u011bkdo \u201enec\u00edt\u00ed dob\u0159e\u201c. Zpr\u00e1vu potom v e-mailu dostane pov\u011b\u0159en\u00e1 osoba p\u0159\u00edslu\u0161n\u00e9 \u0161koly, kter\u00e1 se bude sna\u017eit ve spolupr\u00e1ci s ostatn\u00edmi pedagogy, probl\u00e9m \u0159e\u0161it.<\/div>\n","protected":false},"excerpt":{"rendered":"<p>Pokud m\u00e1\u0161 probl\u00e9m, za\u010dni ho \u0159e\u0161it. Tady najde\u0161 mo\u017enosti, komu se m\u016f\u017ee\u0161 sv\u011b\u0159it: 1. u\u010diteli, kter\u00e9mu d\u016fv\u011b\u0159uje\u0161 2. schranka.duvery@skolabezhranic.cz\u00a0 3. \u0160koln\u00ed po\u0161t\u011b 3. Nenech to b\u00fdt &#8211; syst\u00e9m k odhalov\u00e1n\u00ed \u0161ikany a dal\u0161\u00edch probl\u00e9mu ve \u0161kole 4. Linka bezpe\u010d\u00ed pro d\u011bti\u00a0(zdarma) Na\u0161e \u0161kola je zapojena do syst\u00e9mu Nenech to b\u00fdt.\u00a0Jedn\u00e1&#46;&#46;&#46;<\/p>\n","protected":false},"author":2,"featured_media":0,"parent":0,"menu_order":0,"comment_status":"closed","ping_status":"closed","template":"","meta":{"footnotes":""},"class_list":["post-289","page","type-page","status-publish","hentry"],"_links":{"self":[{"href":"https:\/\/www.skolabezhranic.cz\/turany\/wp-json\/wp\/v2\/pages\/289","targetHints":{"allow":["GET"]}}],"collection":[{"href":"https:\/\/www.skolabezhranic.cz\/turany\/wp-json\/wp\/v2\/pages"}],"about":[{"href":"https:\/\/www.skolabezhranic.cz\/turany\/wp-json\/wp\/v2\/types\/page"}],"author":[{"embeddable":true,"href":"https:\/\/www.skolabezhranic.cz\/turany\/wp-json\/wp\/v2\/users\/2"}],"replies":[{"embeddable":true,"href":"https:\/\/www.skolabezhranic.cz\/turany\/wp-json\/wp\/v2\/comments?post=289"}],"version-history":[{"count":8,"href":"https:\/\/www.skolabezhranic.cz\/turany\/wp-json\/wp\/v2\/pages\/289\/revisions"}],"predecessor-version":[{"id":291,"href":"https:\/\/www.skolabezhranic.cz\/turany\/wp-json\/wp\/v2\/pages\/289\/revisions\/291"}],"wp:attachment":[{"href":"https:\/\/www.skolabezhranic.cz\/turany\/wp-json\/wp\/v2\/media?parent=289"}],"curies":[{"name":"wp","href":"https:\/\/api.w.org\/{rel}","templated":true}]}}