{"id":25,"date":"2017-08-08T21:21:49","date_gmt":"2017-08-08T19:21:49","guid":{"rendered":"http:\/\/www.skolabezhranic.cz\/turany\/?page_id=25"},"modified":"2021-09-01T14:01:06","modified_gmt":"2021-09-01T12:01:06","slug":"sponzori-nasi-skoly","status":"publish","type":"page","link":"https:\/\/www.skolabezhranic.cz\/turany\/sponzori-nasi-skoly\/","title":{"rendered":"Sponzo\u0159i na\u0161\u00ed \u0161koly"},"content":{"rendered":"<div>\n<div id=\"attachment_4175\" style=\"width: 310px\" class=\"wp-caption aligncenter\"><a href=\"https:\/\/www.skolabezhranic.cz\/turany\/wp-content\/uploads\/2019\/09\/\u0160Z.doc\"><img loading=\"lazy\" decoding=\"async\" aria-describedby=\"caption-attachment-4175\" class=\"wp-image-4175 size-medium\" src=\"https:\/\/www.skolabezhranic.cz\/turany\/wp-content\/uploads\/2019\/09\/zahrada-300x202.jpg\" alt=\"\" width=\"300\" height=\"202\" srcset=\"https:\/\/www.skolabezhranic.cz\/turany\/wp-content\/uploads\/2019\/09\/zahrada-300x202.jpg 300w, https:\/\/www.skolabezhranic.cz\/turany\/wp-content\/uploads\/2019\/09\/zahrada-768x517.jpg 768w, https:\/\/www.skolabezhranic.cz\/turany\/wp-content\/uploads\/2019\/09\/zahrada-1024x690.jpg 1024w, https:\/\/www.skolabezhranic.cz\/turany\/wp-content\/uploads\/2019\/09\/zahrada.jpg 1260w\" sizes=\"auto, (max-width: 300px) 100vw, 300px\" \/><\/a><p id=\"caption-attachment-4175\" class=\"wp-caption-text\">\u0160koln\u00ed zahrada &#8211; klik<\/p><\/div>\n<\/div>\n<div style=\"text-align: left;\"><strong>V\u00e1\u017een\u00ed rodi\u010de a p\u0159\u00e1tel\u00e9 na\u0161\u00ed \u0161koly, pokud m\u00e1te mo\u017enost a chcete podpo\u0159it \u010dinnost na\u0161\u00ed \u0161koly nebo p\u0159\u00edmo konkr\u00e9tn\u00ed t\u0159\u00eddy, budeme moc r\u00e1di za finan\u010dn\u00ed i v\u011bcn\u00e9 dary nebo slu\u017ebu \u0161kole od jak\u00e9hokoliv \u0159emesla. Kontaktujte n\u00e1s, pros\u00edm, na e-mailu <\/strong><strong>trappova@skolabezhranic.cz nebo tel. \u010d\u00edsle 605 171 052.<\/strong><\/div>\n<div><\/div>\n<div style=\"text-align: center;\"><span style=\"color: #993300;\"><strong>Velmi si v\u00e1\u017e\u00edme, ka\u017ed\u00e9 pomoci, kterou n\u00e1m poskytujete.<\/strong><\/span><\/div>\n<div style=\"text-align: center;\">\n<h6><strong style=\"font-size: 16px;\">\u00bb\u00bb\u00bb\u00bb\u00bb\u00bb\u00bb\u00bb\u00bb\u00bb\u00bb\u00bb\u00bb\u00bb\u00bb\u00bb\u00bb\u00bb\u00bb\u00bb\u00bb\u00bb\u00bb\u00bb\u00bb\u00bb\u00bb\u00bb\u00bb\u00bb\u00bb\u00bb\u00bb\u00bb\u00bb\u00bb\u00bb\u00bb\u00bb\u00bb\u00bb\u00bb\u00bb\u00bb\u00bb\u00bb\u00bb\u00bb\u00bb\u00bb\u00bb\u00bb\u00bb\u00bb\u00bb\u00bb\u00bb\u00bb\u00bb\u00bb\u00bb\u00bb\u00bb\u00bb\u00bb\u00bb\u00bb\u00bb\u00bb\u00bb\u00bb\u00bb\u00bb\u00bb\u00bb\u00bb\u00bb\u00bb\u00bb\u00bb\u00bb\u00bb\u00bb\u00bb\u00bb\u00bb\u00bb\u00bb\u00bb\u00bb\u00bb\u00bb\u00bb<\/strong><\/h6>\n<\/div>\n<div>\u00a0<span style=\"color: #ff6600;\"><strong>Inspiromat<\/strong><\/span><\/div>\n<div>\n<p>N\u00ed\u017ee uv\u00e1d\u00edme n\u011bkter\u00e9 p\u0159\u00edklady, v\u00a0\u010dem by Va\u0161e pomoc mohla spo\u010d\u00edvat nebo co bychom r\u00e1di po\u0159\u00eddili.<\/p>\n<ul>\n<li><strong>sponzorstv\u00ed nebo nalezen\u00ed sponzora,<\/strong><\/li>\n<li><strong>rostliny na z\u00e1hony,<\/strong><\/li>\n<li>laminovac\u00ed folie A4, A3,<\/li>\n<li>zapaspartov\u00e1n\u00ed v\u00fdtvarn\u00fdch prac\u00ed \u017e\u00e1k\u016f, obr\u00e1zky poslou\u017e\u00ed jako v\u00fdzdoba \u0161koln\u00edch chodeb,<\/li>\n<li>v\u00fdtvarn\u00e9 a pracovn\u00ed pot\u0159eby, l\u00e1tky, pedig, keramick\u00e1 hmota, vlna&#8230;,<\/li>\n<li>didaktick\u00e9 pom\u016fcky,<\/li>\n<li>sportovn\u00ed n\u00e1\u010din\u00ed, koza na p\u0159eskok, odrazov\u00fd m\u016fstek, m\u00ed\u010de, ter\u010d\u00edky, mety, stopky, kriketov\u00e9 m\u00ed\u010dky,<\/li>\n<li>odm\u011bny pro \u017e\u00e1ky, kte\u0159\u00ed se \u00fa\u010dastn\u00ed nejr\u016fzn\u011bj\u0161\u00edch sout\u011b\u017e\u00ed, pom\u00e1haj\u00ed zaji\u0161\u0165ovat akce \u0161koly apod. (drobnosti: tu\u017eky, pastelky, fixy, reklamn\u00ed p\u0159edm\u011bty apod.),<\/li>\n<li>materi\u00e1l pro zaji\u0161\u0165ov\u00e1n\u00ed v\u00fdzdoby \u0161koly (krep.pap\u00edry, barevn\u00e9 pap\u00edry, barevn\u00e9 lep\u00edc\u00ed pap\u00edry, bal\u00edc\u00ed pap\u00edry, zbytky t\u011bchto materi\u00e1l\u016f),<\/li>\n<li><strong>zateplen\u00ed a fas\u00e1da budovy \u0161koly.<\/strong><\/li>\n<\/ul>\n<\/div>\n<div>\n<p><span style=\"color: #ff6600;\"><strong>Jak form\u00e1ln\u011b o\u0161et\u0159it dary?<\/strong><\/span><\/p>\n<ul>\n<li>Na\u00a0<strong>finan\u010dn\u00ed dar<\/strong>\u00a0vystav\u00edme darovac\u00ed smlouvu. S\u00a0pen\u011bzi pak nalo\u017e\u00edme zodpov\u011bdn\u011b v\u00a0souladu s\u00a0na\u0161imi c\u00edli a posl\u00e1n\u00edm. V\u00a0minul\u00e9m obdob\u00ed jsme z\u00a0finan\u010dn\u00edch dar\u016f po\u0159\u00eddili nap\u0159. hra\u010dky do \u0160D a pom\u016fcky na Tv chvilky.<\/li>\n<li>Chcete-li se pod\u00edlet na\u00a0<strong>po\u0159\u00edzen\u00ed konkr\u00e9tn\u00ed v\u011bci<\/strong>, existuj\u00ed dv\u011b mo\u017enosti. V\u011bcn\u00fd dar m\u016f\u017eete po\u0159\u00eddit sami a p\u0159edat \u0161kole na z\u00e1klad\u011b darovac\u00ed smlouvy, nebo po dohod\u011b s\u00a0V\u00e1mi zakoup\u00edme V\u00e1mi vybranou v\u011bc sami (vy\u00fa\u010dtov\u00e1n\u00ed prob\u011bhne formou darovac\u00ed smlouvy na p\u0159\u00edslu\u0161nou finan\u010dn\u00ed \u010d\u00e1stku pot\u0159ebnou k\u00a0po\u0159\u00edzen\u00ed dohodnut\u00e9\u00a0v\u011bci).<\/li>\n<li>Pokud budete cht\u00edt \u0161kole pomoci\u00a0<strong>formou slu\u017eby<\/strong>, m\u016f\u017eeme na proveden\u00e9 pr\u00e1ce (nebo jejich \u010d\u00e1st) vystavit potvrzen\u00ed a p\u0159\u00edslu\u0161nou \u010d\u00e1stku si budete moci ode\u010d\u00edst z\u00a0dan\u00ed.<\/li>\n<\/ul>\n<\/div>\n","protected":false},"excerpt":{"rendered":"<p>V\u00e1\u017een\u00ed rodi\u010de a p\u0159\u00e1tel\u00e9 na\u0161\u00ed \u0161koly, pokud m\u00e1te mo\u017enost a chcete podpo\u0159it \u010dinnost na\u0161\u00ed \u0161koly nebo p\u0159\u00edmo konkr\u00e9tn\u00ed t\u0159\u00eddy, budeme moc r\u00e1di za finan\u010dn\u00ed i v\u011bcn\u00e9 dary nebo slu\u017ebu \u0161kole od jak\u00e9hokoliv \u0159emesla. Kontaktujte n\u00e1s, pros\u00edm, na e-mailu trappova@skolabezhranic.cz nebo tel. \u010d\u00edsle 605 171 052. Velmi si v\u00e1\u017e\u00edme, ka\u017ed\u00e9 pomoci,&#46;&#46;&#46;<\/p>\n","protected":false},"author":2,"featured_media":0,"parent":0,"menu_order":0,"comment_status":"closed","ping_status":"closed","template":"","meta":{"footnotes":""},"class_list":["post-25","page","type-page","status-publish","hentry"],"_links":{"self":[{"href":"https:\/\/www.skolabezhranic.cz\/turany\/wp-json\/wp\/v2\/pages\/25","targetHints":{"allow":["GET"]}}],"collection":[{"href":"https:\/\/www.skolabezhranic.cz\/turany\/wp-json\/wp\/v2\/pages"}],"about":[{"href":"https:\/\/www.skolabezhranic.cz\/turany\/wp-json\/wp\/v2\/types\/page"}],"author":[{"embeddable":true,"href":"https:\/\/www.skolabezhranic.cz\/turany\/wp-json\/wp\/v2\/users\/2"}],"replies":[{"embeddable":true,"href":"https:\/\/www.skolabezhranic.cz\/turany\/wp-json\/wp\/v2\/comments?post=25"}],"version-history":[{"count":35,"href":"https:\/\/www.skolabezhranic.cz\/turany\/wp-json\/wp\/v2\/pages\/25\/revisions"}],"predecessor-version":[{"id":7966,"href":"https:\/\/www.skolabezhranic.cz\/turany\/wp-json\/wp\/v2\/pages\/25\/revisions\/7966"}],"wp:attachment":[{"href":"https:\/\/www.skolabezhranic.cz\/turany\/wp-json\/wp\/v2\/media?parent=25"}],"curies":[{"name":"wp","href":"https:\/\/api.w.org\/{rel}","templated":true}]}}