{"id":27,"date":"2017-08-09T13:09:57","date_gmt":"2017-08-09T11:09:57","guid":{"rendered":"http:\/\/www.skolabezhranic.cz\/srbec\/?page_id=27"},"modified":"2026-04-01T18:00:30","modified_gmt":"2026-04-01T16:00:30","slug":"formulare","status":"publish","type":"page","link":"https:\/\/www.skolabezhranic.cz\/srbec\/formulare\/","title":{"rendered":"Formul\u00e1\u0159e"},"content":{"rendered":"<ul>\n<li style=\"list-style-type: none;\">\n<ul>\n<li>\n<div class=\"gmail_default\"><a href=\"http:\/\/www.skolabezhranic.cz\/msec\/wp-content\/uploads\/2022\/04\/Evidencni-list-pro-dite-v-MS.pdf\">Eviden\u010dn\u00ed list pro d\u00edt\u011b v mate\u0159sk\u00e9 \u0161kole\u00a0\u00a0<\/a><\/div>\n<\/li>\n<li>\n<div class=\"gmail_default\"><a href=\"https:\/\/www.skolabezhranic.cz\/srbec\/wp-content\/uploads\/2026\/04\/Zadost-o-prijeti-do-MS-od-26_27.pdf\">\u017d\u00e1dost o p\u0159ijet\u00ed k p\u0159ed\u0161koln\u00edmu vzd\u011bl\u00e1v\u00e1n\u00ed<\/a><\/div>\n<\/li>\n<li>\n<div class=\"gmail_default\"><a href=\"http:\/\/www.skolabezhranic.cz\/turany\/wp-content\/uploads\/2017\/08\/p\u0159ihl\u00e1\u0161ka-ke-stravov\u00e1n\u00ed-do-M\u0160.pdf\">P\u0159ihl\u00e1\u0161ka ke stravov\u00e1n\u00ed do M\u0160<\/a><\/div>\n<\/li>\n<li>\n<div class=\"gmail_default\"><a href=\"https:\/\/www.skolabezhranic.cz\/srbec\/wp-content\/uploads\/2024\/09\/prohlaseni-vyzvedavani-MS-S.pdf\">Prohl\u00e1\u0161en\u00ed o vyzved\u00e1v\u00e1n\u00ed d\u00edt\u011bte pov\u011b\u0159enou osobou<\/a><\/div>\n<\/li>\n<li>\n<div class=\"gmail_default\"><a href=\"http:\/\/www.skolabezhranic.cz\/msec\/wp-content\/uploads\/2017\/08\/Gener%C3%A1ln%C3%AD-dokument-pro-rodi%C4%8De-M%C5%A0.pdf\">Souhlas s poskytov\u00e1n\u00edm slu\u017eeb \u0160PP \u2013 M\u0160<\/a><\/div>\n<\/li>\n<li>\n<div class=\"gmail_default\">Dokumenty pro \u0161kolu v p\u0159\u00edrod\u011b:<\/div>\n<ul>\n<li><a role=\"link\" href=\"https:\/\/www.skolabezhranic.cz\/msec\/wp-content\/uploads\/2025\/04\/Prihlaska-ditete-do-skoly-v-prirode.pdf\">P\u0159ihl\u00e1\u0161ka na \u0160vP<\/a><\/li>\n<li><a role=\"link\" href=\"https:\/\/www.skolabezhranic.cz\/msec\/wp-content\/uploads\/2025\/04\/zdravotni-zpusobilost-.pdf\">Potvrzen\u00ed o zdravotn\u00ed zp\u016fsobilosti<\/a><\/li>\n<li><a role=\"link\" href=\"https:\/\/www.skolabezhranic.cz\/msec\/wp-content\/uploads\/2025\/04\/Prohlaseni-o-bezinfekcnosti-na-SvP.pdf\">Prohl\u00e1\u0161en\u00ed o bezinfek\u010dnosti<\/a><\/li>\n<\/ul>\n<\/li>\n<li>\n<div class=\"gmail_default\"><a href=\"https:\/\/www.skolabezhranic.cz\/srbec\/wp-content\/uploads\/2017\/08\/OMLUVN\u00dd-LIST.pdf\">Omluvn\u00fd list (M\u0160)<\/a><\/div>\n<\/li>\n<li>\n<div class=\"gmail_default\"><a href=\"https:\/\/www.skolabezhranic.cz\/turany\/wp-content\/uploads\/2024\/05\/OZNAMENI-ZAKONNEHO-ZASTUPCE-O-INDIVIDUALNIM-VZDELAVANI-DITETE-1.pdf\">Ozn\u00e1men\u00ed z\u00e1konn\u00e9ho z\u00e1stupce o individu\u00e1ln\u00edm vzd\u011bl\u00e1v\u00e1n\u00ed d\u00edt\u011bte<\/a><br \/>\n+\u00a0\u00a0<a href=\"http:\/\/www.skolabezhranic.cz\/msec\/wp-content\/uploads\/2017\/08\/Informace-individu\u00e1ln\u00ed-vzd\u011bl\u00e1v\u00e1n\u00ed-d\u00edt\u011bte.pdf\">Informace o individu\u00e1ln\u00edm vzd\u011bl\u00e1v\u00e1n\u00ed d\u00edt\u011bte<\/a><\/div>\n<\/li>\n<li>\n<div class=\"gmail_default\"><a href=\"http:\/\/www.skolabezhranic.cz\/msec\/wp-content\/uploads\/2017\/08\/\u017e\u00e1dost-o-navr\u00e1cen\u00ed-p\u0159eplatku.pdf\">\u017d\u00e1dost o navr\u00e1cen\u00ed p\u0159eplatku stravn\u00e9ho M\u0160<\/a><\/div>\n<\/li>\n<li>\n<div class=\"gmail_default\"><a href=\"http:\/\/www.skolabezhranic.cz\/msec\/wp-content\/uploads\/2017\/08\/Z\u0301a\u0301dost_pra\u0301zdniny_ciz\u00ed.pdf\">\u017da\u0301dost o um\u00edst\u011bn\u00ed d\u00edt\u011bte v dob\u011b letn\u00edch pr\u00e1zdnin<\/a><\/div>\n<\/li>\n<li>\n<div class=\"gmail_default\">\n<p><a href=\"http:\/\/www.skolabezhranic.cz\/msec\/wp-content\/uploads\/2017\/08\/\u017e\u00e1dost-o-navr\u00e1cen\u00ed-p\u0159eplatku-\u0161koln\u00e9ho-M\u0160.pdf\">\u017d\u00e1dost o navr\u00e1cen\u00ed p\u0159eplatku \u0161koln\u00e9ho M\u0160<\/a><\/p>\n<\/div>\n<\/li>\n<\/ul>\n<\/li>\n<\/ul>\n","protected":false},"excerpt":{"rendered":"<p>Eviden\u010dn\u00ed list pro d\u00edt\u011b v mate\u0159sk\u00e9 \u0161kole\u00a0\u00a0 \u017d\u00e1dost o p\u0159ijet\u00ed k p\u0159ed\u0161koln\u00edmu vzd\u011bl\u00e1v\u00e1n\u00ed P\u0159ihl\u00e1\u0161ka ke stravov\u00e1n\u00ed do M\u0160 Prohl\u00e1\u0161en\u00ed o vyzved\u00e1v\u00e1n\u00ed d\u00edt\u011bte pov\u011b\u0159enou osobou Souhlas s poskytov\u00e1n\u00edm slu\u017eeb \u0160PP \u2013 M\u0160 Dokumenty pro \u0161kolu v p\u0159\u00edrod\u011b: P\u0159ihl\u00e1\u0161ka na \u0160vP Potvrzen\u00ed o zdravotn\u00ed zp\u016fsobilosti Prohl\u00e1\u0161en\u00ed o bezinfek\u010dnosti Omluvn\u00fd list (M\u0160) Ozn\u00e1men\u00ed&#46;&#46;&#46;<\/p>\n","protected":false},"author":2,"featured_media":0,"parent":0,"menu_order":0,"comment_status":"closed","ping_status":"closed","template":"","meta":{"footnotes":""},"class_list":["post-27","page","type-page","status-publish","hentry"],"_links":{"self":[{"href":"https:\/\/www.skolabezhranic.cz\/srbec\/wp-json\/wp\/v2\/pages\/27","targetHints":{"allow":["GET"]}}],"collection":[{"href":"https:\/\/www.skolabezhranic.cz\/srbec\/wp-json\/wp\/v2\/pages"}],"about":[{"href":"https:\/\/www.skolabezhranic.cz\/srbec\/wp-json\/wp\/v2\/types\/page"}],"author":[{"embeddable":true,"href":"https:\/\/www.skolabezhranic.cz\/srbec\/wp-json\/wp\/v2\/users\/2"}],"replies":[{"embeddable":true,"href":"https:\/\/www.skolabezhranic.cz\/srbec\/wp-json\/wp\/v2\/comments?post=27"}],"version-history":[{"count":41,"href":"https:\/\/www.skolabezhranic.cz\/srbec\/wp-json\/wp\/v2\/pages\/27\/revisions"}],"predecessor-version":[{"id":3275,"href":"https:\/\/www.skolabezhranic.cz\/srbec\/wp-json\/wp\/v2\/pages\/27\/revisions\/3275"}],"wp:attachment":[{"href":"https:\/\/www.skolabezhranic.cz\/srbec\/wp-json\/wp\/v2\/media?parent=27"}],"curies":[{"name":"wp","href":"https:\/\/api.w.org\/{rel}","templated":true}]}}