{"id":25,"date":"2017-08-09T13:09:45","date_gmt":"2017-08-09T11:09:45","guid":{"rendered":"http:\/\/www.skolabezhranic.cz\/srbec\/?page_id=25"},"modified":"2024-08-20T17:36:41","modified_gmt":"2024-08-20T15:36:41","slug":"kontakty","status":"publish","type":"page","link":"https:\/\/www.skolabezhranic.cz\/srbec\/kontakty\/","title":{"rendered":"Kontakty"},"content":{"rendered":"<div>\n<div><strong>Z\u00e1kladn\u00ed \u0161kola a Mate\u0159sk\u00e1 \u0161kola Bez hranic<\/strong><\/div>\n<div>Malcova171<\/div>\n<div>270 64 M\u0161ec<\/div>\n<div>I\u010cO: 02413612<\/div>\n<div>Red IZO: 691006091<\/div>\n<div>ID datov\u00e9 schr\u00e1nky:\u00a0<strong>vj4ebdu<\/strong><\/div>\n<div><\/div>\n<div>bankovn\u00ed \u00fa\u010dty \u0161koly:<\/div>\n<div><\/div>\n<div><strong>352\u00a0995\u00a01379\/0800\u00a0<\/strong>(provozn\u00ed \u00fa\u010det)<\/div>\n<div><strong>30015 \u2013 352\u00a0995\u00a01379\/0800\u00a0<\/strong>(\u00fa\u010det pouze pro platby stravn\u00e9ho)<\/div>\n<div><\/div>\n<div><\/div>\n<p>&nbsp;<\/p>\n<div>\n<table border=\"0\" frame=\"box\" align=\"center\">\n<tbody>\n<tr>\n<td><strong>\u0160ir\u0161\u00ed veden\u00ed \u0161koly<\/strong><\/td>\n<\/tr>\n<\/tbody>\n<\/table>\n<\/div>\n<div><\/div>\n<table border=\"0\" rules=\"rows\" align=\"center\">\n<tbody>\n<tr>\n<td><strong>\u0159editel \u0161koly<\/strong><\/p>\n<p><em>Malcova 171, 270 64 M\u0161ec<\/em><\/td>\n<td>Mgr. Milan Dvo\u0159\u00e1k<\/td>\n<td>\u00a0<a href=\"mailto:dvorak@skolabezhranic.cz\">dvorak@skolabezhranic.cz<\/a><\/td>\n<td>736 472 811<\/td>\n<\/tr>\n<tr>\n<td><strong>z\u00e1stupkyn\u011b \u0158\u0160<\/strong><\/p>\n<p><em>Malcova 171, 270 64 M\u0161ec<\/em><\/td>\n<td>Mgr. Pavl\u00edna Skleni\u010dkov\u00e1<\/td>\n<td><a href=\"mailto:sklenickova@skolabezhranic.cz\">\u00a0sklenickova@skolabezhranic.cz<\/a><\/td>\n<td>\u00a0730 157 876<\/td>\n<\/tr>\n<tr>\n<td><strong style=\"font-family: inherit; font-size: inherit;\">vedouc\u00ed M\u0160 Srbe\u010d<\/strong><\/p>\n<p><em>Srbe\u010d 15, 270 65<\/em><\/td>\n<td>\u0160\u00e1rka Kl\u00edmov\u00e1<\/td>\n<td><a href=\"mailto:klimova@skolabezhranic.cz\">\u00a0klimova@skolabezhranic.cz<\/a><\/td>\n<td>\u00a0731 616 198<\/td>\n<\/tr>\n<tr>\n<td><strong>\u0161koln\u00ed j\u00eddelna Srbe\u010d<\/strong><\/td>\n<td>Jitka \u010cern\u00e1<\/td>\n<td><\/td>\n<td>730 890 488<\/td>\n<\/tr>\n<tr>\n<td><\/td>\n<\/tr>\n<\/tbody>\n<\/table>\n<div><\/div>\n<div><\/div>\n<div>\n<table border=\"0\" frame=\"box\" align=\"center\">\n<tbody>\n<tr>\n<td><strong>\u00a0 \u00a0 \u00a0 \u00a0Ekonomick\u00fd \u00fasek<\/strong><\/p>\n<p><em>Malcova 171,\u00a0270 64 M\u0161ec <\/em><\/td>\n<\/tr>\n<\/tbody>\n<\/table>\n<\/div>\n<div><\/div>\n<div>\n<table style=\"width: 62.5731%; height: 256px;\" border=\"0\" rules=\"rows\" align=\"center\">\n<tbody>\n<tr style=\"height: 136px;\">\n<td style=\"width: 26.0518%; height: 136px;\"><strong>hlavn\u00ed \u00fa\u010detn\u00ed<\/strong><\/td>\n<td style=\"width: 23.4628%; height: 136px;\">Veronika Hotov\u00e1, DiS.<\/td>\n<td style=\"width: 35.7605%; height: 136px;\"><a href=\"mailto:hotova@skolabezhranic.cz\">hotova@skolabezhranic.cz<\/a><\/td>\n<td style=\"width: 16.3605%; height: 136px;\">&nbsp;<\/p>\n<p>734 756 956<\/p>\n<p>&nbsp;<\/td>\n<\/tr>\n<tr style=\"height: 120px;\">\n<td style=\"width: 26.0518%; height: 120px;\"><strong>vedouc\u00ed \u0161koln\u00edch j\u00eddelen<\/strong><\/td>\n<td style=\"width: 23.4628%; height: 120px;\">Hana Armstarkov\u00e1<\/td>\n<td style=\"width: 35.7605%; height: 120px;\"><a href=\"mailto:armstarkova@skolabezhranic.cz\">armstarkova@skolabezhranic.cz<\/a><\/td>\n<td style=\"width: 16.3605%; height: 120px;\">&nbsp;<\/p>\n<p>734\u00a0756 961<\/td>\n<\/tr>\n<\/tbody>\n<\/table>\n<\/div>\n<\/div>\n","protected":false},"excerpt":{"rendered":"<p>Z\u00e1kladn\u00ed \u0161kola a Mate\u0159sk\u00e1 \u0161kola Bez hranic Malcova171 270 64 M\u0161ec I\u010cO: 02413612 Red IZO: 691006091 ID datov\u00e9 schr\u00e1nky:\u00a0vj4ebdu bankovn\u00ed \u00fa\u010dty \u0161koly: 352\u00a0995\u00a01379\/0800\u00a0(provozn\u00ed \u00fa\u010det) 30015 \u2013 352\u00a0995\u00a01379\/0800\u00a0(\u00fa\u010det pouze pro platby stravn\u00e9ho) &nbsp; \u0160ir\u0161\u00ed veden\u00ed \u0161koly \u0159editel \u0161koly Malcova 171, 270 64 M\u0161ec Mgr. Milan Dvo\u0159\u00e1k \u00a0dvorak@skolabezhranic.cz 736 472 811 z\u00e1stupkyn\u011b&#46;&#46;&#46;<\/p>\n","protected":false},"author":2,"featured_media":0,"parent":0,"menu_order":0,"comment_status":"closed","ping_status":"closed","template":"","meta":{"footnotes":""},"class_list":["post-25","page","type-page","status-publish","hentry"],"_links":{"self":[{"href":"https:\/\/www.skolabezhranic.cz\/srbec\/wp-json\/wp\/v2\/pages\/25","targetHints":{"allow":["GET"]}}],"collection":[{"href":"https:\/\/www.skolabezhranic.cz\/srbec\/wp-json\/wp\/v2\/pages"}],"about":[{"href":"https:\/\/www.skolabezhranic.cz\/srbec\/wp-json\/wp\/v2\/types\/page"}],"author":[{"embeddable":true,"href":"https:\/\/www.skolabezhranic.cz\/srbec\/wp-json\/wp\/v2\/users\/2"}],"replies":[{"embeddable":true,"href":"https:\/\/www.skolabezhranic.cz\/srbec\/wp-json\/wp\/v2\/comments?post=25"}],"version-history":[{"count":20,"href":"https:\/\/www.skolabezhranic.cz\/srbec\/wp-json\/wp\/v2\/pages\/25\/revisions"}],"predecessor-version":[{"id":2634,"href":"https:\/\/www.skolabezhranic.cz\/srbec\/wp-json\/wp\/v2\/pages\/25\/revisions\/2634"}],"wp:attachment":[{"href":"https:\/\/www.skolabezhranic.cz\/srbec\/wp-json\/wp\/v2\/media?parent=25"}],"curies":[{"name":"wp","href":"https:\/\/api.w.org\/{rel}","templated":true}]}}