{"id":82,"date":"2017-08-07T15:57:43","date_gmt":"2017-08-07T15:57:43","guid":{"rendered":"http:\/\/www.skolabezhranic.cz\/msec\/?page_id=82"},"modified":"2022-10-04T21:51:30","modified_gmt":"2022-10-04T21:51:30","slug":"fotogalerie","status":"publish","type":"page","link":"https:\/\/www.skolabezhranic.cz\/msec\/index.php\/fotogalerie\/","title":{"rendered":"Fotogalerie"},"content":{"rendered":"<p><span style=\"text-decoration: underline;\"><span style=\"color: #ff0000; text-decoration: underline;\"><strong>1. STUPE\u0147<br \/>\n<\/strong><\/span><\/span><span style=\"color: #ff0000;\"><strong>Uplynul\u00e9 akce \u017e\u00e1k\u016f 1. stupn\u011b (1. &#8211; 5. t\u0159\u00edda) jsou pr\u016fb\u011b\u017en\u011b vkl\u00e1d\u00e1ny i s fotkami do aktualit \u0161koly + ostatn\u00ed fotky jsou um\u00edst\u011bny na webov\u00e9 galerii:<\/strong><\/span><span style=\"color: #0000ff;\"><strong>\u00a0<a href=\"http:\/\/www.zsmsec.rajce.idnes.cz\"><img loading=\"lazy\" decoding=\"async\" class=\"alignnone\" src=\"https:\/\/static.netiq.biz\/prevs\/couponsi\/23652_1.jpg\" alt=\"fotky Z\u0160 M\u0161ec\" width=\"99\" height=\"40\" \/><\/a> a na <a href=\"https:\/\/www.facebook.com\/ZSMsec1stupen\/\">https:\/\/www.facebook.com\/ZSMsec1stupen\/<\/a><\/strong><\/span><\/p>\n<p><span style=\"text-decoration: underline;\"><strong><span style=\"color: #800080; text-decoration: underline;\">2. STUPE\u0147<\/span><\/strong><\/span><br \/>\n<strong><span style=\"color: #800080;\">Uplynul\u00e9 akce \u017e\u00e1k\u016f 2. stupn\u011b (6. &#8211; 9. t\u0159\u00edda) jsou pr\u016fb\u011b\u017en\u011b vkl\u00e1d\u00e1ny i s fotkami do aktualit \u0161koly a na str\u00e1nky jednotliv\u00fdch t\u0159\u00edd; p\u0159\u00edpadn\u011b na<a href=\"http:\/\/www.zsmsec.rajce.idnes.cz\"> fotky Z\u0160 M\u0161ec<\/a> a na <\/span><\/strong><\/p>\n<p><strong><span style=\"text-decoration: underline;\"><span style=\"color: #008000; text-decoration: underline;\">\u0160KOLN\u00cd DRU\u017dINA<\/span><\/span><br \/>\n<span style=\"color: #008000;\">Uplynul\u00e9 akce \u017e\u00e1k\u016f ve \u0160KOLN\u00cd DRU\u017dIN\u011a (1. \u2013 5. t\u0159\u00edda) jsou pr\u016fb\u011b\u017en\u011b um\u00eds\u0165ov\u00e1ny na webov\u00e9 galerii:\u00a0<\/span> <a href=\"https:\/\/ivetamsec.rajce.idnes.cz\/\">fotky \u0160D M\u0161ec<\/a> a na <a href=\"https:\/\/www.facebook.com\/DruzinaMsec\">https:\/\/www.facebook.com\/DruzinaMsec<\/a><\/strong><\/p>\n<p><strong><span style=\"text-decoration: underline;\">MATE\u0158SK\u00c1 \u0160KOLA<\/span><\/strong><br \/>\n<strong>Uplynul\u00e9 akce d\u011bti z MATE\u0158SK\u00c9 \u0160KOLY jsou pr\u016fb\u011b\u017en\u011b um\u00eds\u0165ov\u00e1ny na facebooku:\u00a0<a href=\"https:\/\/www.facebook.com\/M%C5%A0-M%C5%A1ec-Z%C3%A1me%C4%8Dek-681955551921103\/\"><img loading=\"lazy\" decoding=\"async\" class=\"\" src=\"http:\/\/www.skolabezhranic.cz\/turany\/wp-content\/uploads\/2017\/08\/fb-art.png\" width=\"31\" height=\"31\" \/><\/a>\u00a0<\/strong><\/p>\n","protected":false},"excerpt":{"rendered":"<p>1. STUPE\u0147 Uplynul\u00e9 akce \u017e\u00e1k\u016f 1. stupn\u011b (1. &#8211; 5. t\u0159\u00edda) jsou pr\u016fb\u011b\u017en\u011b vkl\u00e1d\u00e1ny i s fotkami do aktualit \u0161koly + ostatn\u00ed fotky jsou um\u00edst\u011bny na webov\u00e9 galerii:\u00a0 a na https:\/\/www.facebook.com\/ZSMsec1stupen\/ 2. STUPE\u0147 Uplynul\u00e9 akce \u017e\u00e1k\u016f 2. stupn\u011b (6. &#8211; 9. t\u0159\u00edda) jsou pr\u016fb\u011b\u017en\u011b vkl\u00e1d\u00e1ny i s fotkami do aktualit&#46;&#46;&#46;<\/p>\n","protected":false},"author":2,"featured_media":0,"parent":0,"menu_order":0,"comment_status":"closed","ping_status":"closed","template":"","meta":{"footnotes":""},"class_list":["post-82","page","type-page","status-publish","hentry"],"_links":{"self":[{"href":"https:\/\/www.skolabezhranic.cz\/msec\/index.php\/wp-json\/wp\/v2\/pages\/82","targetHints":{"allow":["GET"]}}],"collection":[{"href":"https:\/\/www.skolabezhranic.cz\/msec\/index.php\/wp-json\/wp\/v2\/pages"}],"about":[{"href":"https:\/\/www.skolabezhranic.cz\/msec\/index.php\/wp-json\/wp\/v2\/types\/page"}],"author":[{"embeddable":true,"href":"https:\/\/www.skolabezhranic.cz\/msec\/index.php\/wp-json\/wp\/v2\/users\/2"}],"replies":[{"embeddable":true,"href":"https:\/\/www.skolabezhranic.cz\/msec\/index.php\/wp-json\/wp\/v2\/comments?post=82"}],"version-history":[{"count":21,"href":"https:\/\/www.skolabezhranic.cz\/msec\/index.php\/wp-json\/wp\/v2\/pages\/82\/revisions"}],"predecessor-version":[{"id":5948,"href":"https:\/\/www.skolabezhranic.cz\/msec\/index.php\/wp-json\/wp\/v2\/pages\/82\/revisions\/5948"}],"wp:attachment":[{"href":"https:\/\/www.skolabezhranic.cz\/msec\/index.php\/wp-json\/wp\/v2\/media?parent=82"}],"curies":[{"name":"wp","href":"https:\/\/api.w.org\/{rel}","templated":true}]}}