{"id":67,"date":"2017-08-07T15:54:27","date_gmt":"2017-08-07T15:54:27","guid":{"rendered":"http:\/\/www.skolabezhranic.cz\/msec\/?page_id=67"},"modified":"2023-07-04T10:06:44","modified_gmt":"2023-07-04T09:06:44","slug":"desatero-bezpec-internetu","status":"publish","type":"page","link":"https:\/\/www.skolabezhranic.cz\/msec\/index.php\/desatero-bezpec-internetu\/","title":{"rendered":"Desatero bezpe\u010d. internetu"},"content":{"rendered":"<h3>Pro Va\u0161e bezpe\u010d\u00ed sta\u010d\u00ed dodr\u017eet p\u00e1r d\u016fle\u017eit\u00fdch, ale p\u0159itom jednoduch\u00fdch z\u00e1sad.<\/h3>\n<ol>\n<li>Ned\u00e1vej nikomu adresu ani telefon. Nev\u00ed\u0161, kdo se skr\u00fdv\u00e1 za monitorem.<\/li>\n<li>Nepos\u00edlej nikomu, koho nezn\u00e1\u0161, svou fotografii a u\u017e v\u016fbec ne intimn\u00ed.<\/li>\n<li>Udr\u017euj hesla k e-mailu i jinam v tajnosti, nesd\u011bluj je ani bl\u00edzk\u00e9mu kamar\u00e1dovi.<\/li>\n<li>Nikdy neodpov\u00eddej na neslu\u0161n\u00e9, hrub\u00e9 nebo vulg\u00e1rn\u00ed e-maily a vzkazy.<\/li>\n<li>Nedomlouvej si sch\u016fzku na internetu, ani\u017e bys o tom \u0159ekl n\u011bkomu jin\u00e9mu.<\/li>\n<li>Pokud naraz\u00ed\u0161 na obr\u00e1zek, video nebo e-mail, kter\u00fd t\u011b \u0161okuje, opus\u0165 webovou str\u00e1nku.<\/li>\n<li>Sv\u011b\u0159 se dosp\u011bl\u00e9mu, pokud t\u011b str\u00e1nky uvedou do rozpak\u016f nebo vyd\u011bs\u00ed.<\/li>\n<li>Nedej \u0161anci vir\u016fm. Neotv\u00edrej p\u0159\u00edlohu zpr\u00e1vy, kter\u00e1 p\u0159i\u0161la z nezn\u00e1m\u00e9 adresy.<\/li>\n<li>Nev\u011b\u0159 ka\u017ed\u00e9 informaci, kterou na Internetu z\u00edsk\u00e1\u0161.<\/li>\n<li>Kdy\u017e se s n\u011bk\u00fdm nechce\u0161 bavit, nebav se.<\/li>\n<\/ol>\n<p>&nbsp;<\/p>\n<p><em>Odkazy:<\/em><\/p>\n<ul>\n<li class=\"first last\"><a href=\"https:\/\/www.bezpecnyinternet.cz\/cs\/\"><em>https:\/\/www.bezpecnyinternet.cz\/cs\/<\/em><\/a><\/li>\n<\/ul>\n","protected":false},"excerpt":{"rendered":"<p>Pro Va\u0161e bezpe\u010d\u00ed sta\u010d\u00ed dodr\u017eet p\u00e1r d\u016fle\u017eit\u00fdch, ale p\u0159itom jednoduch\u00fdch z\u00e1sad. Ned\u00e1vej nikomu adresu ani telefon. Nev\u00ed\u0161, kdo se skr\u00fdv\u00e1 za monitorem. Nepos\u00edlej nikomu, koho nezn\u00e1\u0161, svou fotografii a u\u017e v\u016fbec ne intimn\u00ed. Udr\u017euj hesla k e-mailu i jinam v tajnosti, nesd\u011bluj je ani bl\u00edzk\u00e9mu kamar\u00e1dovi. Nikdy neodpov\u00eddej na neslu\u0161n\u00e9,&#46;&#46;&#46;<\/p>\n","protected":false},"author":2,"featured_media":0,"parent":0,"menu_order":0,"comment_status":"closed","ping_status":"closed","template":"","meta":{"footnotes":""},"class_list":["post-67","page","type-page","status-publish","hentry"],"_links":{"self":[{"href":"https:\/\/www.skolabezhranic.cz\/msec\/index.php\/wp-json\/wp\/v2\/pages\/67","targetHints":{"allow":["GET"]}}],"collection":[{"href":"https:\/\/www.skolabezhranic.cz\/msec\/index.php\/wp-json\/wp\/v2\/pages"}],"about":[{"href":"https:\/\/www.skolabezhranic.cz\/msec\/index.php\/wp-json\/wp\/v2\/types\/page"}],"author":[{"embeddable":true,"href":"https:\/\/www.skolabezhranic.cz\/msec\/index.php\/wp-json\/wp\/v2\/users\/2"}],"replies":[{"embeddable":true,"href":"https:\/\/www.skolabezhranic.cz\/msec\/index.php\/wp-json\/wp\/v2\/comments?post=67"}],"version-history":[{"count":7,"href":"https:\/\/www.skolabezhranic.cz\/msec\/index.php\/wp-json\/wp\/v2\/pages\/67\/revisions"}],"predecessor-version":[{"id":6735,"href":"https:\/\/www.skolabezhranic.cz\/msec\/index.php\/wp-json\/wp\/v2\/pages\/67\/revisions\/6735"}],"wp:attachment":[{"href":"https:\/\/www.skolabezhranic.cz\/msec\/index.php\/wp-json\/wp\/v2\/media?parent=67"}],"curies":[{"name":"wp","href":"https:\/\/api.w.org\/{rel}","templated":true}]}}