{"id":35,"date":"2017-08-07T15:45:16","date_gmt":"2017-08-07T15:45:16","guid":{"rendered":"http:\/\/www.skolabezhranic.cz\/msec\/?page_id=35"},"modified":"2026-04-17T19:06:19","modified_gmt":"2026-04-17T18:06:19","slug":"skolni-parlament","status":"publish","type":"page","link":"https:\/\/www.skolabezhranic.cz\/msec\/index.php\/skolni-parlament\/","title":{"rendered":"\u0160koln\u00ed parlament"},"content":{"rendered":"<h2 style=\"text-align: center;\">Dal\u0161\u00ed setk\u00e1n\u00ed \u0160koln\u00edho parlamentu ve \u0161koln\u00edm roce 2025\/2026 bude<br \/>\nve \u010dtvrtek 7. 5. 2026 od 7,00<br \/>\nv hl. budov\u011b \u0161koly &#8211; u\u010debna \u010d. 2<br \/>\n<strong style=\"color: #ff0000; font-size: 16px;\">\u00da\u010dast 2 z\u00e1stupc\u016f z jednotliv\u00fdch t\u0159\u00edd (3. &#8211; 9.ro\u010dn\u00edk) nutn\u00e1!!!<\/strong><\/h2>\n<p><img loading=\"lazy\" decoding=\"async\" class=\"aligncenter\" src=\"http:\/\/freedesignfile.com\/upload\/2015\/09\/Cute-smile-emoticon-icons-vectors-set-08.jpg\" alt=\"V\u00fdsledek obr\u00e1zku pro smile\" width=\"208\" height=\"138\" \/><a href=\"https:\/\/www.skolabezhranic.cz\/msec\/wp-content\/uploads\/2017\/08\/stanovy-parlamentu-1.pdf\"><strong><span style=\"text-decoration: underline;\">Stanovy \u0160koln\u00edho parlamentu<\/span><\/strong><\/a><\/p>\n<p><span style=\"text-decoration: underline;\"><strong>Pl\u00e1n setk\u00e1n\u00ed ve \u0161koln\u00ed roce 2025\/2026:<br \/>\n<\/strong>1. \u010dtvrtky v m\u011bs\u00edci:<\/span> 9. \u0159\u00edjna, 6. listopadu, 4. prosince, 8. ledna, 5. \u00fanora, 12. b\u0159ezna, 16. dubna, 7. kv\u011btna<\/p>\n<p><span style=\"text-decoration: underline;\"><strong>Z\u00e1pisy z jedn\u00e1n\u00ed \u0160koln\u00edho parlamentu 2025\/2026:<\/strong><\/span><\/p>\n<p><a href=\"https:\/\/www.skolabezhranic.cz\/msec\/wp-content\/uploads\/2026\/04\/parlament-zapis-duben26.pdf\">parlament z\u00e1pis &#8211; 16. 4. 2026<\/a><br \/>\n<a href=\"https:\/\/www.skolabezhranic.cz\/msec\/wp-content\/uploads\/2026\/03\/parlament-zapis-brezen26.pdf\">parlament z\u00e1pis &#8211; 12. 3. 2026<\/a><br \/>\n<a href=\"https:\/\/www.skolabezhranic.cz\/msec\/wp-content\/uploads\/2026\/02\/parlament-zapis-unor26.pdf\">parlament z\u00e1pis &#8211; 5. 2. 2026<\/a><br \/>\n<a href=\"https:\/\/www.skolabezhranic.cz\/msec\/wp-content\/uploads\/2026\/01\/parlament-zapis-leden26.pdf\">parlament z\u00e1pis &#8211; 8. 1. 2026<\/a><br \/>\n<a href=\"https:\/\/www.skolabezhranic.cz\/msec\/wp-content\/uploads\/2025\/12\/parlament-zapis-prosinec-25.pdf\">parlament z\u00e1pis\u00a0 &#8211; 4. 12. 2025<\/a><br \/>\n<a href=\"https:\/\/www.skolabezhranic.cz\/msec\/wp-content\/uploads\/2025\/11\/parlament-zapis-listopad-25-1.pdf\">parlament z\u00e1pis &#8211; 6. 11. 2025<\/a><br \/>\n<a href=\"https:\/\/www.skolabezhranic.cz\/msec\/wp-content\/uploads\/2025\/10\/parlament-zapis-rijen-25.pdf\">parlament z\u00e1pis &#8211; 9. 10. 2025<\/a><\/p>\n<p><span style=\"text-decoration: underline;\"><strong>Z\u00e1pisy z jedn\u00e1n\u00ed \u0160koln\u00edho parlamentu 2024\/2025:<\/strong><\/span><\/p>\n<p><a href=\"https:\/\/www.skolabezhranic.cz\/msec\/wp-content\/uploads\/2025\/09\/parlament-zapis-cerven-25.pdf\">parlament z\u00e1pis &#8211; 6. 6. 2025<\/a><br \/>\n<a href=\"https:\/\/www.skolabezhranic.cz\/msec\/wp-content\/uploads\/2025\/09\/parlament-zapis-kveten-25.pdf\">parlament z\u00e1pis &#8211; 16. 5. 2025<\/a><br \/>\n<a href=\"https:\/\/www.skolabezhranic.cz\/msec\/wp-content\/uploads\/2025\/04\/parlament-zapis-duben-25.pdf\">parlament z\u00e1pis &#8211; 4. 4. 2025<\/a><br \/>\n<a href=\"https:\/\/www.skolabezhranic.cz\/msec\/wp-content\/uploads\/2025\/04\/parlament-zapis-brezen-25.docx.pdf\">parlament z\u00e1pis &#8211; 7. 3. 2025<\/a><br \/>\n<a href=\"https:\/\/www.skolabezhranic.cz\/msec\/wp-content\/uploads\/2025\/02\/parlament-zapis-unor-25.docx.pdf\">parlament z\u00e1pis &#8211; 14. 2. 2025<\/a><br \/>\n<a href=\"https:\/\/www.skolabezhranic.cz\/msec\/wp-content\/uploads\/2025\/01\/parlament-zapis-leden-25.docx.pdf\">parlament z\u00e1pis &#8211; 10. 1. 2025<\/a><br \/>\n<a href=\"https:\/\/www.skolabezhranic.cz\/msec\/wp-content\/uploads\/2024\/12\/parlament-zapis-prosinec-24.pdf\">parlament z\u00e1pis &#8211; 6. 12. 2024<\/a><br \/>\n<a href=\"https:\/\/www.skolabezhranic.cz\/msec\/wp-content\/uploads\/2024\/12\/parlament-zapis-listopad-24.pdf\">parlament z\u00e1pis &#8211; 1. 11. 2024<\/a><br \/>\n<a href=\"https:\/\/www.skolabezhranic.cz\/msec\/wp-content\/uploads\/2024\/10\/parlament-zapis-rijen-24.docx.pdf\">parlament z\u00e1pis &#8211; 4. 10. 2024<\/a><br \/>\n<a href=\"https:\/\/www.skolabezhranic.cz\/msec\/wp-content\/uploads\/2024\/09\/parlament-zapis-zari-24.docx.pdf\">parlament z\u00e1pis &#8211; 6. 9. 2024<\/a><strong><br \/>\n<\/strong><\/p>\n<p><span style=\"text-decoration: underline;\"><strong>Z\u00e1pisy z jedn\u00e1n\u00ed \u0160koln\u00edho parlamentu 2023\/2024:<\/strong><\/span><\/p>\n<p><a href=\"https:\/\/www.skolabezhranic.cz\/msec\/wp-content\/uploads\/2024\/06\/parlament-zapis-cerven-24.pdf\">parlament z\u00e1pis &#8211; 6. 6. 2024<\/a><br \/>\n<a href=\"https:\/\/www.skolabezhranic.cz\/msec\/wp-content\/uploads\/2024\/05\/parlament-zapis-kveten-24.pdf\">parlament z\u00e1pis &#8211; 16. 5. 2024<\/a><br \/>\n<a href=\"https:\/\/www.skolabezhranic.cz\/msec\/wp-content\/uploads\/2024\/04\/parlament-zapis-duben-24.pdf\">parlament z\u00e1pis &#8211; 11. 4. 2024<\/a><br \/>\n<a href=\"https:\/\/www.skolabezhranic.cz\/msec\/wp-content\/uploads\/2024\/03\/parlament-zapis-brezen-24.pdf\">parlament z\u00e1pis &#8211; 7. 3. 2024<\/a><br \/>\n<a href=\"https:\/\/www.skolabezhranic.cz\/msec\/wp-content\/uploads\/2024\/02\/parlament-zapis-unor-24.pdf\">parlament z\u00e1pis &#8211; 8. 2. 2024<\/a><br \/>\n<a href=\"https:\/\/www.skolabezhranic.cz\/msec\/wp-content\/uploads\/2024\/01\/parlament-zapis-leden-24.pdf\">parlament z\u00e1pis &#8211; 11. 1. 2024<\/a><br \/>\n<a href=\"https:\/\/www.skolabezhranic.cz\/msec\/wp-content\/uploads\/2023\/12\/parlament-zapis-prosinec-23.pdf\">parlament z\u00e1pis &#8211; 7. 12. 2023<\/a><br \/>\n<a href=\"https:\/\/www.skolabezhranic.cz\/msec\/wp-content\/uploads\/2023\/11\/parlament-zapis-listopad-23.pdf\">parlament z\u00e1pis &#8211; 9. 11. 2023<\/a><br \/>\n<a href=\"https:\/\/www.skolabezhranic.cz\/msec\/wp-content\/uploads\/2023\/10\/parlament-zapis-zari-23.pdf\">parlament z\u00e1pis &#8211; 27. 9. 2023<\/a><\/p>\n<p><span style=\"text-decoration: underline;\"><strong>Z\u00e1pisy z jedn\u00e1n\u00ed \u0160koln\u00edho parlamentu 2022\/2023:<\/strong><\/span><\/p>\n<p><a href=\"https:\/\/www.skolabezhranic.cz\/msec\/wp-content\/uploads\/2023\/06\/parlament-zapis-cerven-23.pdf\">parlament z\u00e1pis &#8211; 15. 6. 2023<\/a><br \/>\n<a href=\"https:\/\/www.skolabezhranic.cz\/msec\/wp-content\/uploads\/2023\/05\/parlament-zapis-kveten-23.pdf\">parlament z\u00e1pis &#8211; 11. 5. 2023<\/a><br \/>\n<a href=\"https:\/\/www.skolabezhranic.cz\/msec\/wp-content\/uploads\/2023\/04\/parlament-zapis-duben-23.pdf\">parlament z\u00e1pis &#8211; 20. 4. 2023<\/a><br \/>\n<a href=\"https:\/\/www.skolabezhranic.cz\/msec\/wp-content\/uploads\/2023\/03\/parlament-zapis-brezen-23.pdf\">parlament z\u00e1pis &#8211; 9. 3. 2023<\/a><br \/>\n<a href=\"https:\/\/www.skolabezhranic.cz\/msec\/wp-content\/uploads\/2023\/03\/parlament-zapis-unor-23.pdf\">parlament z\u00e1pis &#8211; 23. 2. 2023<\/a><br \/>\n<a href=\"https:\/\/www.skolabezhranic.cz\/msec\/wp-content\/uploads\/2023\/01\/parlament-zapis-leden-23.pdf\">parlament z\u00e1pis &#8211; 5. 1. 2023<\/a><br \/>\n<a href=\"https:\/\/www.skolabezhranic.cz\/msec\/wp-content\/uploads\/2022\/12\/zapis-z-parlamentu-12_2022.pdf\">parlament z\u00e1pis &#8211; 8. 12. 2022<\/a><br \/>\n<a href=\"https:\/\/www.skolabezhranic.cz\/msec\/wp-content\/uploads\/2022\/11\/parlament-zapis-listopad-22.pdf\">parlament z\u00e1pis &#8211; 3. 11. 2022<\/a><span style=\"text-decoration: underline;\"><br \/>\n<a href=\"https:\/\/www.skolabezhranic.cz\/msec\/wp-content\/uploads\/2022\/11\/parlament-zapis-zari-22-1.pdf\">parlament z\u00e1pis &#8211; 29. 9. 2022<\/a><strong><br \/>\nZ\u00e1pisy z jedn\u00e1n\u00ed \u0160koln\u00edho parlamentu 2021\/2022:<\/strong><\/span><\/p>\n<p><a href=\"https:\/\/www.skolabezhranic.cz\/msec\/wp-content\/uploads\/2022\/06\/parlament-zapis-cerven-22.pdf\">parlament z\u00e1pis &#8211; 2. 6. 2022<\/a><\/p>\n<p><a href=\"https:\/\/www.skolabezhranic.cz\/msec\/wp-content\/uploads\/2022\/05\/20220516134426965-1.pdf\">parlament z\u00e1pis &#8211; 5. 5. 2022<\/a><\/p>\n<p><a href=\"https:\/\/www.skolabezhranic.cz\/msec\/wp-content\/uploads\/2022\/04\/parlament-zapis-duben-22.pdf\">parlament z\u00e1pis &#8211; 7. 4. 2022<\/a><\/p>\n<p><a href=\"https:\/\/www.skolabezhranic.cz\/msec\/wp-content\/uploads\/2022\/03\/20220311141747478.pdf\">parlament z\u00e1pis &#8211; 3. 3. 2022<\/a>+<a href=\"https:\/\/www.skolabezhranic.cz\/msec\/wp-content\/uploads\/2022\/03\/20220311141808515.pdf\">pochvala pro \u0160koln\u00ed j\u00eddelnu<\/a><a href=\"https:\/\/www.skolabezhranic.cz\/msec\/wp-content\/uploads\/2022\/03\/S_Parlament.jpeg\"><img loading=\"lazy\" decoding=\"async\" class=\"size-medium wp-image-5176 alignright\" src=\"https:\/\/www.skolabezhranic.cz\/msec\/wp-content\/uploads\/2022\/03\/S_Parlament-300x225.jpeg\" alt=\"\" width=\"300\" height=\"225\" srcset=\"https:\/\/www.skolabezhranic.cz\/msec\/wp-content\/uploads\/2022\/03\/S_Parlament-300x225.jpeg 300w, https:\/\/www.skolabezhranic.cz\/msec\/wp-content\/uploads\/2022\/03\/S_Parlament-1024x768.jpeg 1024w, https:\/\/www.skolabezhranic.cz\/msec\/wp-content\/uploads\/2022\/03\/S_Parlament-768x576.jpeg 768w, https:\/\/www.skolabezhranic.cz\/msec\/wp-content\/uploads\/2022\/03\/S_Parlament-1536x1152.jpeg 1536w, https:\/\/www.skolabezhranic.cz\/msec\/wp-content\/uploads\/2022\/03\/S_Parlament.jpeg 1600w\" sizes=\"auto, (max-width: 300px) 100vw, 300px\" \/><\/a> <a href=\"https:\/\/www.skolabezhranic.cz\/msec\/wp-content\/uploads\/2022\/03\/S_parlament1.jpeg\"><img loading=\"lazy\" decoding=\"async\" class=\"size-medium wp-image-5177 alignright\" src=\"https:\/\/www.skolabezhranic.cz\/msec\/wp-content\/uploads\/2022\/03\/S_parlament1-300x225.jpeg\" alt=\"\" width=\"300\" height=\"225\" srcset=\"https:\/\/www.skolabezhranic.cz\/msec\/wp-content\/uploads\/2022\/03\/S_parlament1-300x225.jpeg 300w, https:\/\/www.skolabezhranic.cz\/msec\/wp-content\/uploads\/2022\/03\/S_parlament1-1024x768.jpeg 1024w, https:\/\/www.skolabezhranic.cz\/msec\/wp-content\/uploads\/2022\/03\/S_parlament1-768x576.jpeg 768w, https:\/\/www.skolabezhranic.cz\/msec\/wp-content\/uploads\/2022\/03\/S_parlament1-1536x1152.jpeg 1536w, https:\/\/www.skolabezhranic.cz\/msec\/wp-content\/uploads\/2022\/03\/S_parlament1.jpeg 1600w\" sizes=\"auto, (max-width: 300px) 100vw, 300px\" \/><\/a><\/p>\n<p><a href=\"https:\/\/www.skolabezhranic.cz\/msec\/wp-content\/uploads\/2022\/02\/parlament-zapis-unor-22.pdf\">parlament z\u00e1pis &#8211; 17. 2. 2022<\/a><\/p>\n<p><a href=\"https:\/\/www.skolabezhranic.cz\/msec\/wp-content\/uploads\/2022\/01\/parlament-zapis-leden-22.pdf\">parlament z\u00e1pis &#8211; 6. 1. 2022<\/a><\/p>\n<p><a href=\"https:\/\/www.skolabezhranic.cz\/msec\/wp-content\/uploads\/2021\/12\/parlament-zapis-listopad-21.pdf\">parlament z\u00e1pis &#8211; 11. 11. 2021<\/a><\/p>\n<p><span style=\"text-decoration: underline;\"><strong>Z\u00e1pisy z jedn\u00e1n\u00ed \u0160koln\u00edho parlamentu 2020\/2021:<\/strong><\/span><\/p>\n<p><a href=\"https:\/\/www.skolabezhranic.cz\/msec\/wp-content\/uploads\/2017\/08\/parlament-z\u00e1pis-z\u00e1\u0159\u00ed-20.pdf\">parlament z\u00e1pis &#8211; 1. 10. 2020<\/a><\/p>\n<p><strong><span style=\"text-decoration: underline;\">Z\u00e1pisy z jedn\u00e1n\u00ed \u0160koln\u00edho parlamentu 2019\/2020<\/span>:<\/strong><\/p>\n<p><a href=\"https:\/\/www.skolabezhranic.cz\/msec\/wp-content\/uploads\/2017\/08\/parlament-z\u00e1pis-\u00fanor-20.pdf\">parlament z\u00e1pis-6. 2. 2020<\/a><\/p>\n<p><a href=\"https:\/\/www.skolabezhranic.cz\/msec\/wp-content\/uploads\/2017\/08\/parlament-z\u00e1pis-leden-20.pdf\">parlament-z\u00e1pis-9. 1. 2020<\/a><\/p>\n<p><a href=\"https:\/\/www.skolabezhranic.cz\/msec\/wp-content\/uploads\/2017\/08\/parlament-z\u00e1pis-prosinec-19.pdf\">parlament-z\u00e1pis-5. 12. 2019<\/a><\/p>\n<p><a href=\"https:\/\/www.skolabezhranic.cz\/msec\/wp-content\/uploads\/2019\/12\/parlament-z\u00e1pis-listopad-19.docx.pdf\"><strong>parlament-z\u00e1pis-7. 11. 2019<\/strong><\/a><\/p>\n<p><a href=\"https:\/\/www.skolabezhranic.cz\/msec\/wp-content\/uploads\/2017\/08\/parlament-z\u00e1pis-\u0159\u00edjen-19.pdf\"><strong>parlament-z\u00e1pis-10. 10. 2019<\/strong><\/a><\/p>\n<p><a href=\"https:\/\/www.skolabezhranic.cz\/msec\/wp-admin\/upload.php?item=2559\"><strong>parlament-z\u00e1pis-12. 9. 2019<\/strong><\/a><\/p>\n<h3><span style=\"text-decoration: underline;\"><strong>Z\u00e1pisy z jedn\u00e1n\u00ed \u0160koln\u00edho parlamentu 2018\/2019:<\/strong><\/span><\/h3>\n<p><strong><a href=\"https:\/\/www.skolabezhranic.cz\/msec\/wp-content\/uploads\/2017\/08\/parlament-z\u00e1pis-6.6.2019.pdf\">parlament-z\u00e1pis-6.6.2019<\/a><\/strong><\/p>\n<p><strong><a href=\"https:\/\/www.skolabezhranic.cz\/msec\/wp-content\/uploads\/2017\/08\/parlament-z\u00e1pis-2.5.2019.pdf\">parlament-z\u00e1pis-2.5.2019<\/a><\/strong><\/p>\n<p><strong><a href=\"https:\/\/www.skolabezhranic.cz\/msec\/wp-content\/uploads\/2017\/08\/parlament-z\u00e1pis-4.4.2019.pdf\">parlament-z\u00e1pis-4.4.2019<\/a><br \/>\n<\/strong><\/p>\n<p><strong><a href=\"https:\/\/www.skolabezhranic.cz\/msec\/wp-content\/uploads\/2017\/08\/parlament-z\u00e1pis-14.2.2019.pdf\">parlament-z\u00e1pis-14.2.2019<\/a><\/strong><\/p>\n<p><strong><a href=\"https:\/\/www.skolabezhranic.cz\/msec\/wp-content\/uploads\/2017\/08\/parlament-z\u00e1pis-10.1.2019.pdf\">parlament-z\u00e1pis-10.1.2019<\/a><\/strong><\/p>\n<p><strong><a href=\"https:\/\/www.skolabezhranic.cz\/msec\/wp-content\/uploads\/2017\/08\/parlament-z\u00e1pis-16.12.2018.pdf\">parlament-z\u00e1pis-16.12.2018<\/a><\/strong><\/p>\n<p><strong><a href=\"https:\/\/www.skolabezhranic.cz\/msec\/wp-content\/uploads\/2017\/08\/parlament-z\u00e1pis-1.11.2018.pdf\">parlament-z\u00e1pis-1.11.2018<\/a><\/strong><\/p>\n<p><strong><span style=\"color: #0000ff;\"><a href=\"https:\/\/www.skolabezhranic.cz\/msec\/wp-content\/uploads\/2017\/08\/parlament-z\u00e1pis-4.10.2018.pdf\">parlament-z\u00e1pis-4.10.2018<\/a> \u00a0 \u00a0 \u00a0 \u00a0 \u00a0\u00a0<\/span><\/strong><\/p>\n<p><strong><span style=\"color: #0000ff;\"><a href=\"https:\/\/www.skolabezhranic.cz\/msec\/wp-content\/uploads\/2017\/08\/parlament-z\u00e1pis-6.9.2018.pdf\">parlament-z\u00e1pis-6.9.2018<\/a><\/span><\/strong><\/p>\n<p style=\"padding-left: 60px;\">\n","protected":false},"excerpt":{"rendered":"<p>Dal\u0161\u00ed setk\u00e1n\u00ed \u0160koln\u00edho parlamentu ve \u0161koln\u00edm roce 2025\/2026 bude ve \u010dtvrtek 7. 5. 2026 od 7,00 v hl. budov\u011b \u0161koly &#8211; u\u010debna \u010d. 2 \u00da\u010dast 2 z\u00e1stupc\u016f z jednotliv\u00fdch t\u0159\u00edd (3. &#8211; 9.ro\u010dn\u00edk) nutn\u00e1!!! Stanovy \u0160koln\u00edho parlamentu Pl\u00e1n setk\u00e1n\u00ed ve \u0161koln\u00ed roce 2025\/2026: 1. \u010dtvrtky v m\u011bs\u00edci: 9. \u0159\u00edjna, 6.&#46;&#46;&#46;<\/p>\n","protected":false},"author":2,"featured_media":0,"parent":0,"menu_order":0,"comment_status":"closed","ping_status":"closed","template":"","meta":{"footnotes":""},"class_list":["post-35","page","type-page","status-publish","hentry"],"_links":{"self":[{"href":"https:\/\/www.skolabezhranic.cz\/msec\/index.php\/wp-json\/wp\/v2\/pages\/35","targetHints":{"allow":["GET"]}}],"collection":[{"href":"https:\/\/www.skolabezhranic.cz\/msec\/index.php\/wp-json\/wp\/v2\/pages"}],"about":[{"href":"https:\/\/www.skolabezhranic.cz\/msec\/index.php\/wp-json\/wp\/v2\/types\/page"}],"author":[{"embeddable":true,"href":"https:\/\/www.skolabezhranic.cz\/msec\/index.php\/wp-json\/wp\/v2\/users\/2"}],"replies":[{"embeddable":true,"href":"https:\/\/www.skolabezhranic.cz\/msec\/index.php\/wp-json\/wp\/v2\/comments?post=35"}],"version-history":[{"count":119,"href":"https:\/\/www.skolabezhranic.cz\/msec\/index.php\/wp-json\/wp\/v2\/pages\/35\/revisions"}],"predecessor-version":[{"id":9121,"href":"https:\/\/www.skolabezhranic.cz\/msec\/index.php\/wp-json\/wp\/v2\/pages\/35\/revisions\/9121"}],"wp:attachment":[{"href":"https:\/\/www.skolabezhranic.cz\/msec\/index.php\/wp-json\/wp\/v2\/media?parent=35"}],"curies":[{"name":"wp","href":"https:\/\/api.w.org\/{rel}","templated":true}]}}