{"id":33,"date":"2017-08-07T15:45:04","date_gmt":"2017-08-07T15:45:04","guid":{"rendered":"http:\/\/www.skolabezhranic.cz\/msec\/?page_id=33"},"modified":"2017-08-07T18:50:42","modified_gmt":"2017-08-07T18:50:42","slug":"historie","status":"publish","type":"page","link":"https:\/\/www.skolabezhranic.cz\/msec\/index.php\/historie\/","title":{"rendered":"Historie"},"content":{"rendered":"<blockquote>\n<p align=\"center\"><em>PAM\u011aTN\u00cd LISTINA<\/em><\/p>\n<p align=\"center\"><em>(doslovn\u00fd p\u0159epis origin\u00e1lu, kter\u00fd vis\u00ed ve vstupn\u00ed chodb\u011b \u0161koly)<\/em><\/p>\n<\/blockquote>\n<p><em>L\u00e9ta p\u00e1n\u011b 1891.\u00a0Dne 17.\u00a0srpna za panov\u00e1n\u00ed Jeho Veli\u010denstva c\u00edsa\u0159e a\u00a0kr\u00e1le Franti\u0161ka Josefa z\u00a0rodu Habsburg\u016f dokon\u010den\u00e1 stavba t\u00e9to budovy.<\/em><\/p>\n<p><em>Obec zdej\u0161\u00ed m\u011bla p\u0159edchoz\u00ed \u0161koln\u00ed budovu uprost\u0159ed m\u011bstyse proti kostelu, kde byli um\u00edst\u011bn\u00e9 dv\u011b t\u0159\u00eddy. T\u0159et\u00ed t\u0159\u00edda byla najat\u00e1 v\u00a0dom\u011b \u010dpop. 51, nebo\u0165 v\u00a0t\u00e9m\u017ee \u010dase byla zde \u0161kolna na\u0161e 3.\u00a0t\u0159\u00eddn\u00e1.<\/em><em>V\u00a0roce 1884\u00a0dosazen byl na zdej\u0161\u00ed \u0161kolu \u0159\u00edd\u00edc\u00ed u\u010ditel Anton\u00edn Piv\u00e1nek, d\u0159\u00edve u\u010ditel na \u0161kole Sme\u010densk\u00e9 \u2013 mu\u017ei tomuto nebyli m\u00edstnosti v\u00a0b\u00fdval\u00e9 na\u0161\u00ed \u0161kole vhod, a\u010d mohli je\u0161t\u011b mnoho let k\u00a0\u00fa\u010deli sv\u00e9mu dob\u0159e vyhovovati i\u00a0jal se pob\u00e1dati ck okresn\u00ed \u0161koln\u00ed radu\u00a0\u00a0aby obec na\u0161\u00ed donutila ku stavb\u011b nov\u00e9 \u0161koln\u00ed budovi a\u00a0sice z\u00a0d\u016fvodu neopr\u00e1vn\u011bn\u00fdch. Obecn\u00ed zastupitelstvo br\u00e1nilo se sice proti t\u00e9to nov\u00e9 stavb\u011b \u0161koly a\u00a0sice z\u00a0d\u016fvod\u016f t\u011bch, \u017ee pot\u0159ebn\u00e9ho kapit\u00e1lu obec nem\u011bla, byla by si musela cel\u00fd obnos ku stavb\u011b t\u00e9 vyp\u016fj\u010diti, a\u00a0jeliko\u017e pom\u011bry v\u00a0\u010dase tom byli jak pro poln\u00ed hospod\u00e1\u0159stv\u00ed tak pro jin\u00e9 \u017eivnosti nep\u0159\u00edzniv\u00e9, ob\u00e1valo se zastupitelstvo zdej\u0161\u00ed , \u017ee by velk\u00e9 b\u0159emeno na ob\u010danstvo uvalilo a\u00a0z\u00a0t\u00e9 p\u0159\u00ed\u010diny tak\u00e9 ku stavb\u011b p\u0159ikro\u010diti necht\u011blo.<\/em><em>Ck okresn\u00ed \u0161koln\u00ed rada od stavby v\u0161ak upustiti necht\u011bla a\u00a0u\u017eila v\u0161\u00ed sv\u00e9 moci \u00fa\u0159edn\u00ed k\u00a0tomu, aby obec zdej\u0161\u00ed ku stavb\u011b t\u00e9 donutila.<\/em><em>Nyn\u00ed uva\u017eovali z\u00e1stupcov\u00e9 zdej\u0161\u00ed obce, jak by nejsn\u00e1ze a\u00a0bez velk\u00e9ho n\u00e1kladu a\u00a0po\u0161kozen\u00ed ob\u010danstva stavbu tuto podniknouti mohli. Toho \u010dasu nastoupil na zdej\u0161\u00edm a\u00a0jin\u00fdch velkostatk\u00e1ch po Kn\u00ed\u017eeti P. Janu Adolfu ze\u00a0Schwarzenberg\u016f syn t\u00e9ho\u017e kn\u00ed\u017ee Josef Adolf co nov\u00fd dr\u017eitel a\u00a0n\u00e1stupce. K\u00a0tomuto se tedy po bedliv\u00e9m v\u0161eho uv\u00e1\u017een\u00ed kdy\u017e v\u00a0roce 1889\u00a0na zdej\u0161\u00edm velkostatku me\u0161kal odebrali se z\u00e1stupcov\u00e9 obecn\u00ed se \u017e\u00e1dost\u00ed k\u00a0n\u011bmu, zda by ochoten nebyl, stavbu t\u00e9to \u0161koln\u00ed budovy s\u00e1m podniknouti, \u017ee co nejv\u011bt\u0161\u00ed poplatn\u00edk zdej\u0161\u00ed obce tak\u00e9 nejv\u011bt\u0161\u00ed intres na stavb\u011b t\u00e9 m\u00edti mus\u00ed.<\/em><em>Jasn\u00fd kn\u00ed\u017ee svolil ihned, \u017ee stavbu na sv\u016fj n\u00e1klad provede a\u00a0po ukon\u010den\u00ed t\u00e9 stavby \u017ee na n\u011bj vypadaj\u00edc\u00ed obnos ze\u00a0stavebn\u00edho kapit\u00e1lu dle jeho dan\u011b se ode\u010dte a\u00a0obec na n\u00ed vypadaj\u00edc\u00ed d\u00edl m\u016f\u017ee ro\u010dn\u011b po 700\u00a0zlat\u00fdch po sr\u00e1\u017ece 4% \u00farok\u016f a\u017e do umo\u0159en\u00ed kapit\u00e1lu, ten za stavbu \u0161koly \u010dinic\u00ed 24.000 zlat\u00fdch spl\u00e1ceti.<\/em><em>K\u00a0tomuto vy\u0159\u00edzen\u00ed p\u0159istoupilo cel\u00e9 zastupitelstvo obecn\u00ed a\u00a0v\u00a0roce 1890\u00a0&#8211; dne 7.\u00a0\u010dervence se stavbou zapo\u010dato p\u0159i\u010dem\u017e ob\u010danstvo zdej\u0161\u00ed m\u011blo ____ ve\u0161ker\u00e9 l\u00e1tky stavebn\u00ed za cenu jak se v\u00a0dra\u017eb\u011b doc\u00edlilo, dov\u00e1\u017eeti.<\/em><em>Kamena ku stavb\u011b u\u017eito bylo \u010d\u00e1st\u011b\u010dn\u011b z\u00a0lomu na Kalivodsk\u00e9 cest\u011b a\u00a0z\u00a0lomu obecn\u00edho u\u00a0Srb\u010de, kter\u00fd\u017eto posledn\u00ed obec sama bezplatn\u011b darovala. Pl\u00e1ny ku stavb\u011b t\u00e9to \u0161koli zhotovil kn\u00ed\u017eec\u00ed in\u017ein\u00edr pan z\u00a0Hartenthol\u016f\u00a0\u00a0z\u00a0Citolib. Stavbu \u0159\u00eddil a\u00a0do podrobna \u0159\u00e1dn\u011b a\u00a0um\u011ble provedl toho \u010dasu zdej\u0161\u00ed kn\u00ed\u017eec\u00ed stavitel Pan Kohout Franti\u0161ek.<\/em><em>V\u00a0\u010dase tom representovala tato m\u011bstsk\u00e1 rada: P. S. Pan Karel Prokop, Pan Anton\u00edn Pucholt, I. m\u011bstsk\u00fd radn\u00ed,\u00a0\u00a0a p. Jan Volf \u010dp. 22\u00a0IIh\u00fd m\u011bstsk\u00fd radn\u00ed.\u00a0\u00a0Zastupitelstvo obecn\u00ed p. Jan D\u016fras \u010dp. 13, Franti\u0161ek \u0160pringr, Jan Prokop, Jan Neuman, Wincenc Pucholt, Franti\u0161ek Volf, Josef Volf, Josef Stehl\u00edk, Jan Mansfeld \u010dp. 110.<\/em><em>Stavba jak ji\u017e zp\u0159edu uvedeno, byla dnem 7.\u00a0\u010dervence 1890\u00a0zapo\u010data a\u00a0nato dne 17.\u00a0srpna 1891\u00a0\u0161\u0165astn\u011b a\u00a0bez \u00farazu dokon\u010dena.<\/em><em>K\u00e1men z\u00e1kladn\u00ed ku \u0161kole posv\u011btil n\u00e1\u0161 toho \u010dasu D\u016fstojn\u00fd pan far\u00e1\u0159 Josef Chysk\u00fd titul: kn\u00ed\u017eec\u00ed arcibiskupsk\u00fd not\u00e1\u0159, kter\u00fd se ale dokon\u00e1n\u00ed stavby ji\u017e nedo\u017eil a\u00a0dne 7ho kv\u011btna l\u00e9ta p\u00e1n\u011b 1891\u00a0v\u00a0p\u00e1nu zesnul, maje st\u00e1\u0159\u00ed sv\u00e9ho 78\u00a0rok\u016f. Requiem in pacem!!<\/em><em>Na m\u00edsto jeho dosazen do m\u011bstyse na\u0161eho pan far\u00e1\u0159 ze\u00a0Srb\u010de Frant. Wit za n\u011bho\u017e tato \u0161kola pr\u00e1v\u011b o\u00a0posv\u011bcen\u00ed na\u0161eho chr\u00e1mu p\u00e1na, a\u00a0po posv\u00edcen\u00ed, kter\u00e9 toho \u010dasu na 20ho z\u00e1\u0159\u00ed 1891\u00a0p\u0159ipadlo slavn\u011b vysv\u011bdcen\u00e1 a\u00a0potom k\u00a0sv\u00e9mu \u00fa\u010deli odevzd\u00e1na byla. Jest p\u0159\u00e1n\u00edm na\u0161\u00edm, aby v\u0161echny potomn\u00ed d\u00edtky \u0161kolu tuto nav\u0161t\u011bvuj\u00edc\u00ed blahod\u00e1rn\u011b a\u00a0cnostn\u011b zn\u00ed vycv\u00ed\u010den\u00ed vych\u00e1zeli a\u00a0n\u00e1s co zakladatel\u016f v\u00a0blah\u00e9 pam\u011bti po v\u017edy pam\u011btliv\u00fd byli.<\/em><em>\u0160kola tato slou\u017e\u00ed\u0161 V\u00e1m ku vzd\u011bl\u00e1n\u00ed a\u00a0ku prosp\u011bchu t\u011bla i\u00a0du\u0161e, obci pak k\u00a0na\u0161\u00ed ku pot\u011b\u0161e a\u00a0okrase m\u00edsta na\u0161eho na v\u011b\u010dnou pam\u00e1tku!!<\/em><em>Zhotovil a\u00a0sepsal jsem listinu tuto pam\u011btn\u00ed co toho \u010dasu tajemn\u00edk m\u011bstsk\u00fd ve\u00a0M\u0161eci.<\/em><\/p>\n<p><em>Seps\u00e1no bylo ve\u00a0M\u0161eci, dne 17ho srpna 1891.<\/em><\/p>\n<blockquote><p><em>Jan Krebs\u00a0\u00a0\u00a0\u00a0\u00a0\u00a0\u00a0\u00a0\u00a0\u00a0\u00a0\u00a0\u00a0\u00a0\u00a0\u00a0\u00a0\u00a0\u00a0\u00a0\u00a0\u00a0\u00a0\u00a0\u00a0\u00a0\u00a0\u00a0\u00a0\u00a0\u00a0\u00a0\u00a0\u00a0\u00a0\u00a0\u00a0\u00a0\u00a0\u00a0\u00a0\u00a0\u00a0\u00a0\u00a0\u00a0\u00a0\u00a0\u00a0\u00a0\u00a0\u00a0Fr. Prokop<\/em><em>t.\u010d. m\u011bstsk\u00fd tajemn\u00edk\u00a0\u00a0\u00a0\u00a0\u00a0\u00a0\u00a0\u00a0\u00a0\u00a0\u00a0\u00a0\u00a0\u00a0\u00a0\u00a0\u00a0\u00a0\u00a0\u00a0\u00a0\u00a0\u00a0\u00a0\u00a0\u00a0\u00a0\u00a0\u00a0\u00a0\u00a0\u00a0\u00a0\u00a0\u00a0\u00a0\u00a0\u00a0\u00a0\u00a0\u00a0\u00a0\u00a0\u00a0\u00a0\u00a0Ant. Pucholt, I. m\u011bst. radn\u00ed\u00a0<\/em><em>Vyslovuji m\u016fj pozdrav na kolegy a\u00a0pracuj\u00edc\u00ed lid kter\u00fd p\u0159\u00edtomn\u00fd jsou p\u0159i vyzdvi\u017een\u00ed tohoto kamene. B\u016fh \u017eehnej stavb\u011b t\u00e9to.<\/em><em>Fr. Kohout<\/em><em>stavitel<\/em><\/p><\/blockquote>\n","protected":false},"excerpt":{"rendered":"<p>PAM\u011aTN\u00cd LISTINA (doslovn\u00fd p\u0159epis origin\u00e1lu, kter\u00fd vis\u00ed ve vstupn\u00ed chodb\u011b \u0161koly) L\u00e9ta p\u00e1n\u011b 1891.\u00a0Dne 17.\u00a0srpna za panov\u00e1n\u00ed Jeho Veli\u010denstva c\u00edsa\u0159e a\u00a0kr\u00e1le Franti\u0161ka Josefa z\u00a0rodu Habsburg\u016f dokon\u010den\u00e1 stavba t\u00e9to budovy. Obec zdej\u0161\u00ed m\u011bla p\u0159edchoz\u00ed \u0161koln\u00ed budovu uprost\u0159ed m\u011bstyse proti kostelu, kde byli um\u00edst\u011bn\u00e9 dv\u011b t\u0159\u00eddy. T\u0159et\u00ed t\u0159\u00edda byla najat\u00e1 v\u00a0dom\u011b \u010dpop.&#46;&#46;&#46;<\/p>\n","protected":false},"author":2,"featured_media":0,"parent":0,"menu_order":0,"comment_status":"closed","ping_status":"closed","template":"","meta":{"footnotes":""},"class_list":["post-33","page","type-page","status-publish","hentry"],"_links":{"self":[{"href":"https:\/\/www.skolabezhranic.cz\/msec\/index.php\/wp-json\/wp\/v2\/pages\/33","targetHints":{"allow":["GET"]}}],"collection":[{"href":"https:\/\/www.skolabezhranic.cz\/msec\/index.php\/wp-json\/wp\/v2\/pages"}],"about":[{"href":"https:\/\/www.skolabezhranic.cz\/msec\/index.php\/wp-json\/wp\/v2\/types\/page"}],"author":[{"embeddable":true,"href":"https:\/\/www.skolabezhranic.cz\/msec\/index.php\/wp-json\/wp\/v2\/users\/2"}],"replies":[{"embeddable":true,"href":"https:\/\/www.skolabezhranic.cz\/msec\/index.php\/wp-json\/wp\/v2\/comments?post=33"}],"version-history":[{"count":2,"href":"https:\/\/www.skolabezhranic.cz\/msec\/index.php\/wp-json\/wp\/v2\/pages\/33\/revisions"}],"predecessor-version":[{"id":140,"href":"https:\/\/www.skolabezhranic.cz\/msec\/index.php\/wp-json\/wp\/v2\/pages\/33\/revisions\/140"}],"wp:attachment":[{"href":"https:\/\/www.skolabezhranic.cz\/msec\/index.php\/wp-json\/wp\/v2\/media?parent=33"}],"curies":[{"name":"wp","href":"https:\/\/api.w.org\/{rel}","templated":true}]}}