{"id":29,"date":"2017-08-07T15:44:45","date_gmt":"2017-08-07T15:44:45","guid":{"rendered":"http:\/\/www.skolabezhranic.cz\/msec\/?page_id=29"},"modified":"2020-02-17T16:00:32","modified_gmt":"2020-02-17T16:00:32","slug":"o-skole","status":"publish","type":"page","link":"https:\/\/www.skolabezhranic.cz\/msec\/index.php\/o-skole\/","title":{"rendered":"O \u0161kole"},"content":{"rendered":"<p><strong>Svazkov\u00e1 Z\u00e1kladn\u00ed \u0161kola a Mate\u0159sk\u00e1 \u0161kola Bez hranic<\/strong>\u00a0zah\u00e1jila svou \u010dinnost 1. ledna 2014. Tato \u0161kolsk\u00e1 pr\u00e1vnick\u00e1 osoba je t\u0159et\u00ed tzv. svazkovou \u0161kolou v \u010cesk\u00e9 republice. Jej\u00edm z\u0159izovatelem je Dobrovoln\u00fd svazek obc\u00ed Bez hranic, jeho\u017e \u010dleny na po\u010d\u00e1tku byly m\u011bstys M\u0161ec, obce \u0158evni\u010dov, Tu\u0159any a Srbe\u010d. \u0158evni\u010dov z DSO k 31. 12. 2015 vystoupil. Hlavn\u00edm p\u0159edm\u011btem \u010dinnosti Svazku je spolupr\u00e1ce jeho \u010dlen\u016f v oblasti p\u0159ed\u0161koln\u00edho a z\u00e1kladn\u00edho vzd\u011bl\u00e1v\u00e1n\u00ed.<\/p>\n<p>&nbsp;<\/p>\n","protected":false},"excerpt":{"rendered":"<p>Svazkov\u00e1 Z\u00e1kladn\u00ed \u0161kola a Mate\u0159sk\u00e1 \u0161kola Bez hranic\u00a0zah\u00e1jila svou \u010dinnost 1. ledna 2014. Tato \u0161kolsk\u00e1 pr\u00e1vnick\u00e1 osoba je t\u0159et\u00ed tzv. svazkovou \u0161kolou v \u010cesk\u00e9 republice. Jej\u00edm z\u0159izovatelem je Dobrovoln\u00fd svazek obc\u00ed Bez hranic, jeho\u017e \u010dleny na po\u010d\u00e1tku byly m\u011bstys M\u0161ec, obce \u0158evni\u010dov, Tu\u0159any a Srbe\u010d. \u0158evni\u010dov z DSO k 31.&#46;&#46;&#46;<\/p>\n","protected":false},"author":2,"featured_media":0,"parent":0,"menu_order":0,"comment_status":"closed","ping_status":"closed","template":"","meta":{"footnotes":""},"class_list":["post-29","page","type-page","status-publish","hentry"],"_links":{"self":[{"href":"https:\/\/www.skolabezhranic.cz\/msec\/index.php\/wp-json\/wp\/v2\/pages\/29","targetHints":{"allow":["GET"]}}],"collection":[{"href":"https:\/\/www.skolabezhranic.cz\/msec\/index.php\/wp-json\/wp\/v2\/pages"}],"about":[{"href":"https:\/\/www.skolabezhranic.cz\/msec\/index.php\/wp-json\/wp\/v2\/types\/page"}],"author":[{"embeddable":true,"href":"https:\/\/www.skolabezhranic.cz\/msec\/index.php\/wp-json\/wp\/v2\/users\/2"}],"replies":[{"embeddable":true,"href":"https:\/\/www.skolabezhranic.cz\/msec\/index.php\/wp-json\/wp\/v2\/comments?post=29"}],"version-history":[{"count":8,"href":"https:\/\/www.skolabezhranic.cz\/msec\/index.php\/wp-json\/wp\/v2\/pages\/29\/revisions"}],"predecessor-version":[{"id":3172,"href":"https:\/\/www.skolabezhranic.cz\/msec\/index.php\/wp-json\/wp\/v2\/pages\/29\/revisions\/3172"}],"wp:attachment":[{"href":"https:\/\/www.skolabezhranic.cz\/msec\/index.php\/wp-json\/wp\/v2\/media?parent=29"}],"curies":[{"name":"wp","href":"https:\/\/api.w.org\/{rel}","templated":true}]}}