{"id":2574,"date":"2019-09-26T08:47:35","date_gmt":"2019-09-26T08:47:35","guid":{"rendered":"http:\/\/www.skolabezhranic.cz\/msec\/?page_id=2574"},"modified":"2025-11-21T11:34:38","modified_gmt":"2025-11-21T10:34:38","slug":"rozvrhy-a-zvoneni","status":"publish","type":"page","link":"https:\/\/www.skolabezhranic.cz\/msec\/index.php\/rozvrhy-a-zvoneni\/","title":{"rendered":"Rozvrhy a zvon\u011bn\u00ed"},"content":{"rendered":"<p><span style=\"font-size: 18.72px;\"><b>\u00a0<\/b><\/span><\/p>\n<ul>\n<li>\n<h3><a href=\"https:\/\/www.skolabezhranic.cz\/msec\/wp-content\/uploads\/2024\/10\/zvoneni.pdf\">Zvon\u011bn\u00ed<\/a><\/h3>\n<\/li>\n<li>\n<h3>Rozvrhy hodin 2025\/2026<\/h3>\n<ul>\n<li><a href=\"https:\/\/www.skolabezhranic.cz\/msec\/wp-content\/uploads\/2025\/08\/Rozvrh-2025-08-28T144825.437.pdf\">1. ro\u010dn\u00edk<\/a><\/li>\n<li><a href=\"https:\/\/www.skolabezhranic.cz\/msec\/wp-content\/uploads\/2025\/08\/Rozvrh-2025-08-28T144830.702.pdf\">2. ro\u010dn\u00edk<\/a><\/li>\n<li><a href=\"https:\/\/www.skolabezhranic.cz\/msec\/wp-content\/uploads\/2025\/08\/Rozvrh-2025-08-28T144837.414.pdf\">3. ro\u010dn\u00edk<\/a><\/li>\n<li><a href=\"https:\/\/www.skolabezhranic.cz\/msec\/wp-content\/uploads\/2025\/08\/Rozvrh-2025-08-28T144842.250.pdf\">4. ro\u010dn\u00edk<\/a> (<a href=\"https:\/\/www.skolabezhranic.cz\/msec\/wp-content\/uploads\/2025\/10\/Rozvrh-2025-10-13T164735.377.pdf\">+ v dob\u011b plav\u00e1n\u00ed 15. 9. &#8211; 21. 11. 2025<\/a>)<\/li>\n<li><a href=\"https:\/\/www.skolabezhranic.cz\/msec\/wp-content\/uploads\/2025\/08\/Rozvrh-2025-08-28T144849.344.pdf\">5. ro\u010dn\u00edk<\/a> (<a href=\"https:\/\/www.skolabezhranic.cz\/msec\/wp-content\/uploads\/2025\/10\/Rozvrh-2025-10-13T164741.001.pdf\">+ v dob\u011b plav\u00e1n\u00ed 15. 9. &#8211; 21. 11. 2025<\/a>)<\/li>\n<li>6. ro\u010dn\u00edk &#8211;<a href=\"https:\/\/www.skolabezhranic.cz\/msec\/wp-content\/uploads\/2025\/10\/Rozvrh-2025-10-13T163033.511.pdf\"> 6.A\u00a0 \u00a0<\/a>a\u00a0 \u00a0<a href=\"https:\/\/www.skolabezhranic.cz\/msec\/wp-content\/uploads\/2025\/10\/Rozvrh-2025-10-13T162954.494.pdf\">6.B<\/a><\/li>\n<li>7. ro\u010dn\u00edk &#8211;<a href=\"https:\/\/www.skolabezhranic.cz\/msec\/wp-content\/uploads\/2025\/10\/Rozvrh-2025-10-13T163020.567.pdf\"> 7.A<\/a>\u00a0 \u00a0a\u00a0 \u00a0<a href=\"https:\/\/www.skolabezhranic.cz\/msec\/wp-content\/uploads\/2025\/10\/Rozvrh-2025-10-13T163039.051.pdf\">7.B<\/a><\/li>\n<li><a href=\"https:\/\/www.skolabezhranic.cz\/msec\/wp-content\/uploads\/2025\/10\/Rozvrh-2025-10-13T163027.578.pdf\">8. ro\u010dn\u00edk<\/a><\/li>\n<li><a href=\"https:\/\/www.skolabezhranic.cz\/msec\/wp-content\/uploads\/2025\/08\/Rozvrh-2025-08-28T144926.495.pdf\">9. ro\u010dn\u00edk<\/a><\/li>\n<\/ul>\n<\/li>\n<li><a href=\"https:\/\/www.skolabezhranic.cz\/msec\/wp-content\/uploads\/2025\/09\/organizace-sk-roku-2025_2026.pdf\">Pr\u00e1zdniny ve \u0161koln\u00ed roce 2025\/2026<\/a><\/li>\n<\/ul>\n","protected":false},"excerpt":{"rendered":"<p>\u00a0 Zvon\u011bn\u00ed Rozvrhy hodin 2025\/2026 1. ro\u010dn\u00edk 2. ro\u010dn\u00edk 3. ro\u010dn\u00edk 4. ro\u010dn\u00edk (+ v dob\u011b plav\u00e1n\u00ed 15. 9. &#8211; 21. 11. 2025) 5. ro\u010dn\u00edk (+ v dob\u011b plav\u00e1n\u00ed 15. 9. &#8211; 21. 11. 2025) 6. ro\u010dn\u00edk &#8211; 6.A\u00a0 \u00a0a\u00a0 \u00a06.B 7. ro\u010dn\u00edk &#8211; 7.A\u00a0 \u00a0a\u00a0 \u00a07.B 8. ro\u010dn\u00edk 9.&#46;&#46;&#46;<\/p>\n","protected":false},"author":2,"featured_media":0,"parent":0,"menu_order":0,"comment_status":"closed","ping_status":"closed","template":"","meta":{"footnotes":""},"class_list":["post-2574","page","type-page","status-publish","hentry"],"_links":{"self":[{"href":"https:\/\/www.skolabezhranic.cz\/msec\/index.php\/wp-json\/wp\/v2\/pages\/2574","targetHints":{"allow":["GET"]}}],"collection":[{"href":"https:\/\/www.skolabezhranic.cz\/msec\/index.php\/wp-json\/wp\/v2\/pages"}],"about":[{"href":"https:\/\/www.skolabezhranic.cz\/msec\/index.php\/wp-json\/wp\/v2\/types\/page"}],"author":[{"embeddable":true,"href":"https:\/\/www.skolabezhranic.cz\/msec\/index.php\/wp-json\/wp\/v2\/users\/2"}],"replies":[{"embeddable":true,"href":"https:\/\/www.skolabezhranic.cz\/msec\/index.php\/wp-json\/wp\/v2\/comments?post=2574"}],"version-history":[{"count":25,"href":"https:\/\/www.skolabezhranic.cz\/msec\/index.php\/wp-json\/wp\/v2\/pages\/2574\/revisions"}],"predecessor-version":[{"id":8830,"href":"https:\/\/www.skolabezhranic.cz\/msec\/index.php\/wp-json\/wp\/v2\/pages\/2574\/revisions\/8830"}],"wp:attachment":[{"href":"https:\/\/www.skolabezhranic.cz\/msec\/index.php\/wp-json\/wp\/v2\/media?parent=2574"}],"curies":[{"name":"wp","href":"https:\/\/api.w.org\/{rel}","templated":true}]}}