{"id":1470,"date":"2018-09-03T09:50:35","date_gmt":"2018-09-03T09:50:35","guid":{"rendered":"http:\/\/www.skolabezhranic.cz\/msec\/?page_id=1470"},"modified":"2022-05-12T15:32:02","modified_gmt":"2022-05-12T15:32:02","slug":"gdpr","status":"publish","type":"page","link":"https:\/\/www.skolabezhranic.cz\/msec\/index.php\/gdpr\/","title":{"rendered":"GDPR"},"content":{"rendered":"<p>GDPR \u2013 informa\u010dn\u00ed povinnost, informace o zpracov\u00e1v\u00e1n\u00ed osobn\u00edch \u00fadaj\u016f, informace ke cookies<\/p>\n<p>V\u00e1\u017een\u00ed rodi\u010de,<\/p>\n<p>na tomto m\u00edst\u011b si V\u00e1s Z\u00e1kladn\u00ed \u0161kola a Mate\u0159sk\u00e1 \u0161kola Bez hranic dovoluje informovat o tom, jak zpracov\u00e1v\u00e1 Va\u0161e osobn\u00ed \u00fadaje, resp. osobn\u00ed \u00fadaje Va\u0161eho d\u00edt\u011bte, a to v souvislosti Na\u0159\u00edzen\u00edm Evropsk\u00e9ho parlamentu a Rady (EU) 2016\/679 ze dne 27. dubna 2016 o ochran\u011b fyzick\u00fdch osob v souvislosti se zpracov\u00e1n\u00edm osobn\u00edch \u00fadaj\u016f a o voln\u00e9m pohybu t\u011bchto \u00fadaj\u016f a o zru\u0161en\u00ed sm\u011brnice 95\/46\/ES (Obecn\u00e9 na\u0159\u00edzen\u00ed o ochran\u011b osobn\u00edch \u00fadaj\u016f) \u010dasto ozna\u010dovan\u00e9m zkratkou GDPR (GDPR \u2013 General Data Protection Regulation). Na tomto m\u00edst\u011b V\u00e1m tak\u00e9 p\u0159edkl\u00e1d\u00e1me informace, jak tyto webov\u00e9 str\u00e1nky pou\u017e\u00edvaj\u00ed soubory cookies. Cookies jsou mal\u00e9 datov\u00e9 soubory, kter\u00e9 se ukl\u00e1daj\u00ed ve va\u0161em za\u0159\u00edzen\u00ed a jsou nutn\u00e9 pro spr\u00e1vn\u00fd chod str\u00e1nky (tzv. technick\u00e9 cookies), nebo slou\u017e\u00ed pro \u00fa\u010dely sledov\u00e1n\u00ed n\u00e1v\u0161t\u011bvnosti, p\u0159\u00edpadn\u011b pro marketingov\u00e9 \u00fa\u010dely a podobn\u011b.<\/p>\n<p><strong>\u00a0<\/strong><\/p>\n<ol>\n<li><strong>Rozsah zpracov\u00e1van\u00fdch osobn\u00edch \u00fadaj\u016f prost\u0159ednictv\u00edm cookies a dal\u0161\u00ed podrobnosti<\/strong><\/li>\n<\/ol>\n<p><strong>Tzv. technick\u00e9 cookies <\/strong>\u2013 jsou nezbytn\u00e9 pro \u00fa\u010dely spr\u00e1vn\u00e9ho fungov\u00e1n\u00ed na\u0161\u00ed webov\u00e9 str\u00e1nky, a proto k\u00a0jejich pou\u017e\u00edv\u00e1n\u00ed nepot\u0159ebujeme V\u00e1\u0161 souhlas:<\/p>\n<table style=\"height: 304px;\" width=\"958\">\n<tbody>\n<tr>\n<td width=\"102\"><strong>N\u00e1zev<\/strong><\/td>\n<td width=\"85\"><strong>Typ cookies<\/strong><\/td>\n<td width=\"132\"><strong>\u00da\u010del pou\u017eit\u00ed<\/strong><\/td>\n<td width=\"104\"><strong>Jak\u00e1 data sb\u00edr\u00e1<\/strong><\/td>\n<td width=\"85\"><strong>Kdo cookie pou\u017e\u00edv\u00e1<\/strong><\/td>\n<td width=\"127\"><strong>Jak dlouho z\u016fst\u00e1v\u00e1 v prohl\u00ed\u017ee\u010di<\/strong><\/td>\n<\/tr>\n<tr>\n<td width=\"102\">cookie_notice_accepted<\/td>\n<td width=\"85\">Technick\u00e1<\/td>\n<td width=\"132\">Ukl\u00e1d\u00e1 informace o souhlasu u\u017eivatele s cookies<\/td>\n<td width=\"104\">Souhlas u\u017eivatele s\u00a0cookies<\/td>\n<td width=\"85\">\u0161kola<\/td>\n<td width=\"127\">1 m\u011bs\u00edc<\/td>\n<\/tr>\n<\/tbody>\n<\/table>\n<p><strong>\u00a0<\/strong><\/p>\n<p>Zpracov\u00e1v\u00e1me Va\u0161e osobn\u00ed \u00fadaje zpravidla proto, \u017ee n\u00e1m to ukl\u00e1d\u00e1 z\u00e1kon nebo jin\u00fd pr\u00e1vn\u00ed p\u0159edpis (zejm. z\u00e1kon \u010d. 561\/2004 Sb., \u0161kolsk\u00fd z\u00e1kon). V n\u011bkter\u00fdch p\u0159\u00edpadech zpracov\u00e1v\u00e1me Va\u0161e osobn\u00ed \u00fadaje, abychom mohli plnit smlouvy \u010di poskytovat \u0161kolsk\u00e9 slu\u017eby (nap\u0159. \u0161koln\u00ed stravov\u00e1n\u00ed).<\/p>\n<p><strong>\u00a0<\/strong><\/p>\n<ol start=\"2\">\n<li><strong>Spr\u00e1vce osobn\u00edch \u00fadaj\u016f <\/strong><\/li>\n<\/ol>\n<p>Spr\u00e1vcem Va\u0161ich osobn\u00edch \u00fadaj\u016f je:<\/p>\n<p><strong>\u00a0<\/strong><\/p>\n<p><strong>Z\u0160 a M\u0160 Bez hranic<\/strong><\/p>\n<p>Malcova 171<\/p>\n<p>270 64 M\u0161ec<\/p>\n<p><strong>\u00a0<\/strong><\/p>\n<p><strong>Kontakty:<\/strong><\/p>\n<p>tel.:\u00a0+420\u00a0736 472 811<br \/>e-mail:\u00a0<a href=\"mailto:dvorak@skolabezhranic.cz\">dvorak@skolabezhranic.cz<\/a><br \/>ID datov\u00e9 schr\u00e1nky:\u00a0vj4ebdu<\/p>\n<p>Kontaktn\u00ed osoba: Mgr. Milan Dvo\u0159\u00e1k, \u0159editel<\/p>\n<ol start=\"3\">\n<li><strong>Kontakt na na\u0161eho pov\u011b\u0159ence<\/strong><\/li>\n<\/ol>\n<p>Na\u0161\u00edm pov\u011b\u0159encem pro ochranu osobn\u00edch \u00fadaj\u016f je:<\/p>\n<p>Holubov\u00e1 advok\u00e1ti s.r.o.,<\/p>\n<p>I\u010cO: 24686727, Za Po\u0159\u00ed\u010dskou br\u00e1nou 365\/21, 18600 Praha 8<br \/>Fyzick\u00e1 osoba vykon\u00e1vaj\u00edc\u00ed \u010dinnost pov\u011b\u0159ence: \u0160t\u011bp\u00e1n Holub<br \/>Tel.: +420\u00a0212\u00a0242 095<br \/>Email: <a href=\"mailto:poverenec@holubova.cz\">poverenec@holubova.cz<\/a><br \/>ID datov\u00e9 schr\u00e1nky: eaqq73c<\/p>\n<ol start=\"4\">\n<li><strong>Pr\u00e1vn\u00ed z\u00e1klad zpracov\u00e1v\u00e1n\u00ed <\/strong><\/li>\n<\/ol>\n<p>Pr\u00e1vn\u00edm z\u00e1kladem zpracov\u00e1n\u00ed Va\u0161ich osobn\u00edch \u00fadaj\u016f prost\u0159ednictv\u00edm cookies je v\u00a0p\u0159\u00edpad\u011b technick\u00fdch cookies <strong>opr\u00e1vn\u011bn\u00fd z\u00e1jem \u0161koly<\/strong> na tom, aby na\u0161e webov\u00e9 str\u00e1nky spr\u00e1vn\u011b fungovaly po technick\u00e9 str\u00e1nce. Proti tomuto zpracov\u00e1n\u00ed m\u016f\u017eete podat n\u00e1mitku.<\/p>\n<ol start=\"5\">\n<li><strong>P\u0159\u00edjemci osobn\u00edch \u00fadaj\u016f<\/strong><\/li>\n<\/ol>\n<p>Va\u0161e osobn\u00ed \u00fadaje z\u00edskan\u00e9 pomoc\u00ed cookies nejsou p\u0159ed\u00e1v\u00e1ny t\u0159et\u00edm stran\u00e1m.<\/p>\n<p>Va\u0161e osobn\u00ed \u00fadaje p\u0159ed\u00e1v\u00e1me v p\u0159\u00edpad\u011b, \u017ee n\u00e1m to ukl\u00e1d\u00e1 pr\u00e1vn\u00ed p\u0159edpis nebo podm\u00ednky dota\u010dn\u00edho \u0159\u00edzen\u00ed (nap\u0159. Krajsk\u00fd \u00fa\u0159ad, Ministerstvo \u0161kolstv\u00ed, ml\u00e1de\u017ee a t\u011blov\u00fdchovy). Soukrom\u00fdm subjekt\u016fm p\u0159ed\u00e1v\u00e1me osobn\u00ed \u00fadaje jen v p\u0159\u00edpad\u011b, \u017ee je to nutn\u00e9 pro spln\u011bn\u00ed na\u0161\u00ed povinnosti (nap\u0159. zaji\u0161t\u011bn\u00ed v\u00fduky na d\u00e1lku nebo p\u0159ed\u00e1n\u00ed osobn\u00edch \u00fadaj\u016f Va\u0161eho d\u00edt\u011bte ubytovateli za \u00fa\u010delem realizace ly\u017ea\u0159sk\u00e9ho v\u00fdcviku). D\u00e1le ukl\u00e1d\u00e1me n\u011bkter\u00e9 \u00fadaje \u017e\u00e1k\u016f na serverech spole\u010dnosti \u0160kola On Line kter\u00e1 pro n\u00e1s zaji\u0161\u0165uje veden\u00ed \u0161koln\u00ed matriky.<\/p>\n<ol start=\"6\">\n<li><strong>P\u0159ed\u00e1v\u00e1n\u00ed \u00fadaj\u016f do t\u0159et\u00edch zem\u00ed<\/strong><\/li>\n<\/ol>\n<p>Osobn\u00ed \u00fadaje nep\u0159ed\u00e1v\u00e1me do t\u0159et\u00edch zem\u00ed, tzn. do zem\u00ed mimo Evropsk\u00fd hospod\u00e1\u0159sk\u00fd prostor. N\u00ed\u017ee p\u0159ehledn\u011b uv\u00e1d\u00edme, kter\u00e9 n\u00e1stroje pou\u017e\u00edv\u00e1me a komu osobn\u00ed \u00fadaje do t\u0159et\u00edch zem\u00ed p\u0159ed\u00e1v\u00e1me:<\/p>\n<table style=\"height: 594px;\" width=\"959\">\n<tbody>\n<tr>\n<td width=\"130\"><strong>Osobn\u00ed \u00fadaje, kter\u00e9 zpracov\u00e1v\u00e1me<\/strong><\/td>\n<td width=\"246\"><strong>\u00da\u010del zpracov\u00e1n\u00ed\/Pr\u00e1vn\u00ed d\u016fvod zpracov\u00e1n\u00ed<\/strong><\/td>\n<td width=\"123\"><strong>Spole\u010dnost a zem\u011b p\u0159ed\u00e1n\u00ed<\/strong><\/td>\n<td width=\"132\"><strong>Vyu\u017eit\u00fd prost\u0159edek<\/strong><\/td>\n<\/tr>\n<tr>\n<td width=\"130\">\u00dadaje o nastaven\u00ed prohl\u00ed\u017ee\u010de<\/td>\n<td width=\"246\">Anal\u00fdza n\u00e1v\u0161t\u011bvnosti webov\u00fdch str\u00e1nek \u2013 opr\u00e1vn\u011bn\u00fd z\u00e1jem spr\u00e1vce<\/td>\n<td width=\"123\">Google Inc. \u2013 USA<\/td>\n<td width=\"132\">Google Analytics<\/td>\n<\/tr>\n<tr>\n<td width=\"130\">Komunikace mezi u\u010ditelem a \u017e\u00e1kem<\/td>\n<td width=\"246\">Zaji\u0161t\u011bn\u00ed v\u00fduky na d\u00e1lku \u2013 pln\u011bn\u00ed z\u00e1konn\u00e9 povinnosti<\/td>\n<td width=\"123\">Facebook Inc. \u2013 USA<\/td>\n<td width=\"132\">Facebook, Whatsapp, Messenger<\/td>\n<\/tr>\n<tr>\n<td width=\"130\">Informace o \u010dinnosti \u0161koly, fotografie, jm\u00e9no a p\u0159\u00edjmen\u00ed<\/td>\n<td width=\"246\">Informace o \u010dinnosti \u0161koly\/\u0161koln\u00ed facebook \u2013 opr\u00e1vn\u011bn\u00fd z\u00e1jem spr\u00e1vce \u010di souhlas<\/td>\n<td width=\"123\">Facebook Inc. \u2013 USA<\/td>\n<td width=\"132\">Facebook<\/td>\n<\/tr>\n<tr>\n<td width=\"130\">Informace o \u017e\u00e1c\u00edch k d\u00e1lkov\u00e9 v\u00fduce<\/td>\n<td width=\"246\">Zaji\u0161t\u011bn\u00ed v\u00fduky na d\u00e1lku \u2013 pln\u011bn\u00ed z\u00e1konn\u00e9 povinnosti<\/td>\n<td width=\"123\">Google Inc. \u2013 USA<\/td>\n<td width=\"132\">Google Classroom<\/td>\n<\/tr>\n<\/tbody>\n<\/table>\n<p>Tyto \u00fadaje jsou p\u0159ed\u00e1v\u00e1ny do USA na z\u00e1klad\u011b standardn\u00edch smluvn\u00edch dolo\u017eek.<\/p>\n<ol start=\"7\">\n<li><strong>Va\u0161e pr\u00e1va <\/strong><\/li>\n<\/ol>\n<p>V\u00a0souvislosti se zpracov\u00e1n\u00edm cookies od n\u00e1s m\u016f\u017eete kdykoliv po\u017eadovat, abychom:<\/p>\n<ol>\n<li>V\u00e1m umo\u017enili p\u0159\u00edstup k Va\u0161im osobn\u00edm \u00fadaj\u016fm,<\/li>\n<li>opravili Va\u0161e osobn\u00ed \u00fadaje, kter\u00e9 nejsou p\u0159esn\u00e9,<\/li>\n<li>vymazali Va\u0161e osobn\u00ed \u00fadaje, pokud jsou spln\u011bny podm\u00ednky uveden\u00e9 v \u010dl\u00e1nku 17 GDPR, p\u0159\u00edpadn\u011b omezili jejich zpracov\u00e1n\u00ed.<\/li>\n<\/ol>\n<p>Osobn\u00ed \u00fadaje shrom\u00e1\u017ed\u011bn\u00e9 pomoc\u00ed cookies nejsou pou\u017e\u00edv\u00e1ny pro automatizovan\u00e9 rozhodov\u00e1n\u00ed v\u010detn\u011b profilov\u00e1n\u00ed.<\/p>\n<p>Pokud se domn\u00edv\u00e1te, \u017ee Va\u0161e osobn\u00ed \u00fadaje nezpracov\u00e1v\u00e1me spr\u00e1vn\u011b, m\u016f\u017eete se obr\u00e1tit na na\u0161eho pov\u011b\u0159ence pro ochranu osobn\u00edch \u00fadaj\u016f nebo m\u00e1te pr\u00e1vo podat st\u00ed\u017enost u dozorov\u00e9ho org\u00e1nu, kter\u00fdm je \u00da\u0159ad pro ochranu osobn\u00edch \u00fadaj\u016f (<a href=\"http:\/\/www.uoou.cz\">www.uoou.cz<\/a>).<\/p>\n<ol start=\"8\">\n<li><strong>V \u010dem pr\u00e1vo na p\u0159\u00edstup k osobn\u00edm \u00fadaj\u016fm spo\u010d\u00edv\u00e1?<\/strong><\/li>\n<\/ol>\n<p>M\u016f\u017eete n\u00e1s po\u017e\u00e1dat, abychom V\u00e1m sd\u011blili, zda zpracov\u00e1v\u00e1me Va\u0161e osobn\u00ed \u00fadaje.<\/p>\n<p>M\u016f\u017eete n\u00e1s po\u017e\u00e1dat o p\u0159\u00edstup ke zpracov\u00e1van\u00fdm osobn\u00edm \u00fadaj\u016fm a o informace o zpracov\u00e1n\u00ed t\u011bchto \u00fadaj\u016f.<\/p>\n<p>M\u016f\u017eete n\u00e1s po\u017e\u00e1dat o poskytnut\u00ed kopie zpracov\u00e1van\u00fdch osobn\u00edch \u00fadaj\u016f.<\/p>\n<ol start=\"9\">\n<li><strong>Dal jsem za sv\u00e9 d\u00edt\u011b souhlas se zpracov\u00e1n\u00edm osobn\u00edch \u00fadaj\u016f a cht\u011bl bych ho odvolat<\/strong><\/li>\n<\/ol>\n<p>Pokud ud\u011blujete souhlas se zpracov\u00e1n\u00edm n\u011bkter\u00fdch Va\u0161ich osobn\u00edch \u00fadaj\u016f, pak m\u00e1te pr\u00e1vo kdykoli souhlas odvolat. T\u00edm v\u0161ak nen\u00ed dot\u010dena z\u00e1konnost zpracov\u00e1n\u00ed osobn\u00edch \u00fadaj\u016f zalo\u017een\u00e1 na souhlasu ud\u011blen\u00e9m p\u0159ed jeho odvol\u00e1n\u00edm. To znamen\u00e1, \u017ee zpracov\u00e1n\u00ed osobn\u00edch \u00fadaj\u016f do odvol\u00e1n\u00ed souhlasu je leg\u00e1ln\u00ed.<\/p>\n<ol start=\"10\">\n<li><strong>Je prostor Z\u00e1kladn\u00ed \u0161koly a Mate\u0159sk\u00e9 \u0161koly Bez hranic monitorov\u00e1n kamerov\u00fdm syst\u00e9mem?<\/strong><\/li>\n<\/ol>\n<p>Ano, monitorov\u00e1n kamerov\u00fdm syst\u00e9mem je prostor Z\u00e1kladn\u00ed \u0161koly a Mate\u0159sk\u00e9 \u0161koly Bez hranic (pracovi\u0161t\u011b M\u0161ec). D\u016fvodem pro instalaci kamerov\u00e9ho syst\u00e9mu je opr\u00e1vn\u011bn\u00fd z\u00e1jem \u0161koly na ochran\u011b sv\u00e9ho majetku p\u0159ed po\u0161kozen\u00edm a kr\u00e1de\u017e\u00ed, jako\u017e i majetku d\u011bt\u00ed a zam\u011bstnanc\u016f p\u0159ed po\u0161kozen\u00edm a kr\u00e1de\u017e\u00ed a bezpe\u010dnost a ochrana \u017eivota a zdrav\u00ed d\u011bt\u00ed, zam\u011bstnanc\u016f a dal\u0161\u00edch osob, kter\u00e9 se nach\u00e1zej\u00ed v prostor\u00e1ch mate\u0159sk\u00e9 \u0161koly. Z\u00e1znam z kamerov\u00e9ho syst\u00e9mu je v p\u0159\u00edpad\u011b t\u011bchto kamer uchov\u00e1v\u00e1n po dobu 14 dn\u016f.<\/p>\n\n\n<p><\/p>\n","protected":false},"excerpt":{"rendered":"<p>GDPR \u2013 informa\u010dn\u00ed povinnost, informace o zpracov\u00e1v\u00e1n\u00ed osobn\u00edch \u00fadaj\u016f, informace ke cookies V\u00e1\u017een\u00ed rodi\u010de, na tomto m\u00edst\u011b si V\u00e1s Z\u00e1kladn\u00ed \u0161kola a Mate\u0159sk\u00e1 \u0161kola Bez hranic dovoluje informovat o tom, jak zpracov\u00e1v\u00e1 Va\u0161e osobn\u00ed \u00fadaje, resp. osobn\u00ed \u00fadaje Va\u0161eho d\u00edt\u011bte, a to v souvislosti Na\u0159\u00edzen\u00edm Evropsk\u00e9ho parlamentu a Rady (EU)&#46;&#46;&#46;<\/p>\n","protected":false},"author":2,"featured_media":0,"parent":0,"menu_order":0,"comment_status":"closed","ping_status":"closed","template":"","meta":{"footnotes":""},"class_list":["post-1470","page","type-page","status-publish","hentry"],"_links":{"self":[{"href":"https:\/\/www.skolabezhranic.cz\/msec\/index.php\/wp-json\/wp\/v2\/pages\/1470","targetHints":{"allow":["GET"]}}],"collection":[{"href":"https:\/\/www.skolabezhranic.cz\/msec\/index.php\/wp-json\/wp\/v2\/pages"}],"about":[{"href":"https:\/\/www.skolabezhranic.cz\/msec\/index.php\/wp-json\/wp\/v2\/types\/page"}],"author":[{"embeddable":true,"href":"https:\/\/www.skolabezhranic.cz\/msec\/index.php\/wp-json\/wp\/v2\/users\/2"}],"replies":[{"embeddable":true,"href":"https:\/\/www.skolabezhranic.cz\/msec\/index.php\/wp-json\/wp\/v2\/comments?post=1470"}],"version-history":[{"count":13,"href":"https:\/\/www.skolabezhranic.cz\/msec\/index.php\/wp-json\/wp\/v2\/pages\/1470\/revisions"}],"predecessor-version":[{"id":5489,"href":"https:\/\/www.skolabezhranic.cz\/msec\/index.php\/wp-json\/wp\/v2\/pages\/1470\/revisions\/5489"}],"wp:attachment":[{"href":"https:\/\/www.skolabezhranic.cz\/msec\/index.php\/wp-json\/wp\/v2\/media?parent=1470"}],"curies":[{"name":"wp","href":"https:\/\/api.w.org\/{rel}","templated":true}]}}